{"id":942,"date":"2020-07-21T09:38:40","date_gmt":"2020-07-21T09:38:40","guid":{"rendered":"http:\/\/www.pavelsuba.cz\/?page_id=942"},"modified":"2024-01-26T18:43:31","modified_gmt":"2024-01-26T18:43:31","slug":"dokumenty-bezdomovci","status":"publish","type":"page","link":"https:\/\/www.pavelsuba.cz\/?page_id=942","title":{"rendered":"Dokumenty-Bez domova"},"content":{"rendered":"\n<p>\u00a0\u00a0 \u00a0\u00a0 \u00a0 \u00a0\u00a0 \u00a0<a href=\"http:\/\/www.pavelsuba.cz\/?page_id=598\">D\u011bti<\/a>\u00a0 \u00a0 \u00a0\u00a0 \u00a0 \u00a0\u00a0 \u00a0 \u00a0 \u00a0\u00a0  \u00a0\u00a0 \u00a0 \u00a0<a href=\"http:\/\/www.pavelsuba.cz\/?page_id=621\">Portr\u00e9ty<\/a>\u00a0 \u00a0\u00a0\u00a0 \u00a0 \u00a0 \u00a0\u00a0  \u00a0 \u00a0\u00a0 \u00a0\u00a0 \u00a0\u00a0 \u00a0 \u00a0<a href=\"http:\/\/www.pavelsuba.cz\/?page_id=656\">Makro<\/a>\u00a0 \u00a0\u00a0\u00a0 \u00a0 \u00a0 \u00a0\u00a0  \u00a0\u00a0  \u00a0\u00a0\u00a0 \u00a0 \u00a0<a href=\"http:\/\/www.pavelsuba.cz\/?page_id=683\">Dokumenty<\/a>\u00a0 \u00a0 \u00a0\u00a0  \u00a0\u00a0  \u00a0\u00a0\u00a0 \u00a0 \u00a0<a href=\"https:\/\/www.pavelsuba.cz\/?page_id=1470\">Architektura<\/a><\/p>\n\n\n\n<p><strong>Dokumenty: <\/strong>B\u011bhem studi\u00ed jsem se specializoval na dlouhodobou dokument\u00e1rn\u00ed a redak\u010dn\u00ed fotografii (\u010dl\u00e1nky) a v\u017edy to byla srdcov\u00e1 z\u00e1le\u017eitost. Dok\u00e1\u017ei dokumentovat speci\u00e1ln\u00ed akce, jako jsou kluby\/party a ve\u010d\u00edrky, p\u0159\u00edb\u011bhy a v\u011bnovat se dlouhodob\u00fdm dokument\u00e1rn\u00edm t\u00e9mat\u016fm. Zaj\u00edm\u00e1 m\u011b tak\u00e9 pouli\u010dn\u00ed fotografie, ve kter\u00e9 se sna\u017e\u00edm zachytit nev\u0161edn\u00ed, nest\u0159e\u017een\u00e9 okam\u017eiky, kter\u00e9 se objevuj\u00ed. Dok\u00e1\u017ei pracovat v r\u016fzn\u00fdch podm\u00ednk\u00e1ch, a\u0165 u\u017e technicky nebo psychicky n\u00e1ro\u010dn\u00fdch, a pokud je to mo\u017en\u00e9, zachytit podstatu konkr\u00e9tn\u00ed situace.<\/p>\n\n\n\n<p><a href=\"http:\/\/www.pavelsuba.cz\/?page_id=683\">R\u016fzn\u00e9<\/a> &nbsp; &nbsp; &nbsp;<a href=\"http:\/\/www.pavelsuba.cz\/?page_id=942\">Bez domova<\/a>&nbsp; &nbsp; &nbsp; &nbsp;<a href=\"http:\/\/www.pavelsuba.cz\/?page_id=945\">Tanec<\/a>&nbsp; &nbsp; &nbsp; &nbsp;<a href=\"http:\/\/www.pavelsuba.cz\/?page_id=947\">Koronavirus<\/a>&nbsp; &nbsp; &nbsp; &nbsp;<a href=\"https:\/\/www.pavelsuba.cz\/?page_id=1533\">Ukrajin\u0161t\u00ed rom\u0161t\u00ed uprchl\u00edci<\/a>&nbsp; &nbsp; &nbsp; &nbsp;<a href=\"https:\/\/www.pavelsuba.cz\/?page_id=1535\">Waacking<\/a><\/p>\n\n\n\n<!-- default-view.php -->\n<div\n\tclass=\"ngg-galleryoverview default-view \n\t\t\"\n\tid=\"ngg-gallery-ba37debb0f1a4082dc5b39d5a86c9612-1\">\n\n\t\t<!-- Thumbnails -->\n\t\t\t\t<div id=\"ngg-image-0\" class=\"ngg-gallery-thumbnail-box \n\t\t\t\t\t\t\t\tngg-3-columns\t\t\t\" \n\t\t\t>\n\t\t\t\t\t\t<div class=\"ngg-gallery-thumbnail\">\n\t\t\t<a href=\"https:\/\/www.pavelsuba.cz\/wp-content\/gallery\/doc-homelessness\/IMG_6236.jpg\"\n\t\t\t\ttitle=\"\"\n\t\t\t\tdata-src=\"https:\/\/www.pavelsuba.cz\/wp-content\/gallery\/doc-homelessness\/IMG_6236.jpg\"\n\t\t\t\tdata-thumbnail=\"https:\/\/www.pavelsuba.cz\/wp-content\/gallery\/doc-homelessness\/thumbs\/thumbs_IMG_6236.jpg\"\n\t\t\t\tdata-image-id=\"152\"\n\t\t\t\tdata-title=\"IMG_6236\"\n\t\t\t\tdata-description=\"\"\n\t\t\t\tdata-image-slug=\"img_6236\"\n\t\t\t\tclass=\"ngg-simplelightbox\" rel=\"ba37debb0f1a4082dc5b39d5a86c9612\">\n\t\t\t\t<img\n\t\t\t\t\ttitle=\"IMG_6236\"\n\t\t\t\t\talt=\"IMG_6236\"\n\t\t\t\t\tsrc=\"https:\/\/www.pavelsuba.cz\/wp-content\/gallery\/doc-homelessness\/thumbs\/thumbs_IMG_6236.jpg\"\n\t\t\t\t\twidth=\"240\"\n\t\t\t\t\theight=\"160\"\n\t\t\t\t\tstyle=\"max-width:100%;\"\n\t\t\t\t\/>\n\t\t\t<\/a>\n\t\t<\/div>\n\t\t\t\t\t\t\t<\/div> \n\t\t\t\n\t\t\t\t<div id=\"ngg-image-1\" class=\"ngg-gallery-thumbnail-box \n\t\t\t\t\t\t\t\tngg-3-columns\t\t\t\" \n\t\t\t>\n\t\t\t\t\t\t<div class=\"ngg-gallery-thumbnail\">\n\t\t\t<a href=\"https:\/\/www.pavelsuba.cz\/wp-content\/gallery\/doc-homelessness\/IMG_6259.jpg\"\n\t\t\t\ttitle=\"\"\n\t\t\t\tdata-src=\"https:\/\/www.pavelsuba.cz\/wp-content\/gallery\/doc-homelessness\/IMG_6259.jpg\"\n\t\t\t\tdata-thumbnail=\"https:\/\/www.pavelsuba.cz\/wp-content\/gallery\/doc-homelessness\/thumbs\/thumbs_IMG_6259.jpg\"\n\t\t\t\tdata-image-id=\"154\"\n\t\t\t\tdata-title=\"IMG_6259\"\n\t\t\t\tdata-description=\"\"\n\t\t\t\tdata-image-slug=\"img_6259\"\n\t\t\t\tclass=\"ngg-simplelightbox\" rel=\"ba37debb0f1a4082dc5b39d5a86c9612\">\n\t\t\t\t<img\n\t\t\t\t\ttitle=\"IMG_6259\"\n\t\t\t\t\talt=\"IMG_6259\"\n\t\t\t\t\tsrc=\"https:\/\/www.pavelsuba.cz\/wp-content\/gallery\/doc-homelessness\/thumbs\/thumbs_IMG_6259.jpg\"\n\t\t\t\t\twidth=\"240\"\n\t\t\t\t\theight=\"160\"\n\t\t\t\t\tstyle=\"max-width:100%;\"\n\t\t\t\t\/>\n\t\t\t<\/a>\n\t\t<\/div>\n\t\t\t\t\t\t\t<\/div> \n\t\t\t\n\t\t\t\t<div id=\"ngg-image-2\" class=\"ngg-gallery-thumbnail-box \n\t\t\t\t\t\t\t\tngg-3-columns\t\t\t\" \n\t\t\t>\n\t\t\t\t\t\t<div class=\"ngg-gallery-thumbnail\">\n\t\t\t<a href=\"https:\/\/www.pavelsuba.cz\/wp-content\/gallery\/doc-homelessness\/IMG_6281.jpg\"\n\t\t\t\ttitle=\"\"\n\t\t\t\tdata-src=\"https:\/\/www.pavelsuba.cz\/wp-content\/gallery\/doc-homelessness\/IMG_6281.jpg\"\n\t\t\t\tdata-thumbnail=\"https:\/\/www.pavelsuba.cz\/wp-content\/gallery\/doc-homelessness\/thumbs\/thumbs_IMG_6281.jpg\"\n\t\t\t\tdata-image-id=\"155\"\n\t\t\t\tdata-title=\"IMG_6281\"\n\t\t\t\tdata-description=\"\"\n\t\t\t\tdata-image-slug=\"img_6281\"\n\t\t\t\tclass=\"ngg-simplelightbox\" rel=\"ba37debb0f1a4082dc5b39d5a86c9612\">\n\t\t\t\t<img\n\t\t\t\t\ttitle=\"IMG_6281\"\n\t\t\t\t\talt=\"IMG_6281\"\n\t\t\t\t\tsrc=\"https:\/\/www.pavelsuba.cz\/wp-content\/gallery\/doc-homelessness\/thumbs\/thumbs_IMG_6281.jpg\"\n\t\t\t\t\twidth=\"240\"\n\t\t\t\t\theight=\"160\"\n\t\t\t\t\tstyle=\"max-width:100%;\"\n\t\t\t\t\/>\n\t\t\t<\/a>\n\t\t<\/div>\n\t\t\t\t\t\t\t<\/div> \n\t\t\t\n\t\t\t\t<div id=\"ngg-image-3\" class=\"ngg-gallery-thumbnail-box \n\t\t\t\t\t\t\t\tngg-3-columns\t\t\t\" \n\t\t\t>\n\t\t\t\t\t\t<div class=\"ngg-gallery-thumbnail\">\n\t\t\t<a href=\"https:\/\/www.pavelsuba.cz\/wp-content\/gallery\/doc-homelessness\/IMG_6297.jpg\"\n\t\t\t\ttitle=\"\"\n\t\t\t\tdata-src=\"https:\/\/www.pavelsuba.cz\/wp-content\/gallery\/doc-homelessness\/IMG_6297.jpg\"\n\t\t\t\tdata-thumbnail=\"https:\/\/www.pavelsuba.cz\/wp-content\/gallery\/doc-homelessness\/thumbs\/thumbs_IMG_6297.jpg\"\n\t\t\t\tdata-image-id=\"157\"\n\t\t\t\tdata-title=\"IMG_6297\"\n\t\t\t\tdata-description=\"\"\n\t\t\t\tdata-image-slug=\"img_6297\"\n\t\t\t\tclass=\"ngg-simplelightbox\" rel=\"ba37debb0f1a4082dc5b39d5a86c9612\">\n\t\t\t\t<img\n\t\t\t\t\ttitle=\"IMG_6297\"\n\t\t\t\t\talt=\"IMG_6297\"\n\t\t\t\t\tsrc=\"https:\/\/www.pavelsuba.cz\/wp-content\/gallery\/doc-homelessness\/thumbs\/thumbs_IMG_6297.jpg\"\n\t\t\t\t\twidth=\"240\"\n\t\t\t\t\theight=\"160\"\n\t\t\t\t\tstyle=\"max-width:100%;\"\n\t\t\t\t\/>\n\t\t\t<\/a>\n\t\t<\/div>\n\t\t\t\t\t\t\t<\/div> \n\t\t\t\n\t\t\t\t<div id=\"ngg-image-4\" class=\"ngg-gallery-thumbnail-box \n\t\t\t\t\t\t\t\tngg-3-columns\t\t\t\" \n\t\t\t>\n\t\t\t\t\t\t<div class=\"ngg-gallery-thumbnail\">\n\t\t\t<a href=\"https:\/\/www.pavelsuba.cz\/wp-content\/gallery\/doc-homelessness\/IMG_6307.jpg\"\n\t\t\t\ttitle=\"\"\n\t\t\t\tdata-src=\"https:\/\/www.pavelsuba.cz\/wp-content\/gallery\/doc-homelessness\/IMG_6307.jpg\"\n\t\t\t\tdata-thumbnail=\"https:\/\/www.pavelsuba.cz\/wp-content\/gallery\/doc-homelessness\/thumbs\/thumbs_IMG_6307.jpg\"\n\t\t\t\tdata-image-id=\"158\"\n\t\t\t\tdata-title=\"IMG_6307\"\n\t\t\t\tdata-description=\"\"\n\t\t\t\tdata-image-slug=\"img_6307\"\n\t\t\t\tclass=\"ngg-simplelightbox\" rel=\"ba37debb0f1a4082dc5b39d5a86c9612\">\n\t\t\t\t<img\n\t\t\t\t\ttitle=\"IMG_6307\"\n\t\t\t\t\talt=\"IMG_6307\"\n\t\t\t\t\tsrc=\"https:\/\/www.pavelsuba.cz\/wp-content\/gallery\/doc-homelessness\/thumbs\/thumbs_IMG_6307.jpg\"\n\t\t\t\t\twidth=\"240\"\n\t\t\t\t\theight=\"160\"\n\t\t\t\t\tstyle=\"max-width:100%;\"\n\t\t\t\t\/>\n\t\t\t<\/a>\n\t\t<\/div>\n\t\t\t\t\t\t\t<\/div> \n\t\t\t\n\t\t\t\t<div id=\"ngg-image-5\" class=\"ngg-gallery-thumbnail-box \n\t\t\t\t\t\t\t\tngg-3-columns\t\t\t\" \n\t\t\t>\n\t\t\t\t\t\t<div class=\"ngg-gallery-thumbnail\">\n\t\t\t<a href=\"https:\/\/www.pavelsuba.cz\/wp-content\/gallery\/doc-homelessness\/IMG_6377.jpg\"\n\t\t\t\ttitle=\"\"\n\t\t\t\tdata-src=\"https:\/\/www.pavelsuba.cz\/wp-content\/gallery\/doc-homelessness\/IMG_6377.jpg\"\n\t\t\t\tdata-thumbnail=\"https:\/\/www.pavelsuba.cz\/wp-content\/gallery\/doc-homelessness\/thumbs\/thumbs_IMG_6377.jpg\"\n\t\t\t\tdata-image-id=\"159\"\n\t\t\t\tdata-title=\"IMG_6377\"\n\t\t\t\tdata-description=\"\"\n\t\t\t\tdata-image-slug=\"img_6377\"\n\t\t\t\tclass=\"ngg-simplelightbox\" rel=\"ba37debb0f1a4082dc5b39d5a86c9612\">\n\t\t\t\t<img\n\t\t\t\t\ttitle=\"IMG_6377\"\n\t\t\t\t\talt=\"IMG_6377\"\n\t\t\t\t\tsrc=\"https:\/\/www.pavelsuba.cz\/wp-content\/gallery\/doc-homelessness\/thumbs\/thumbs_IMG_6377.jpg\"\n\t\t\t\t\twidth=\"240\"\n\t\t\t\t\theight=\"160\"\n\t\t\t\t\tstyle=\"max-width:100%;\"\n\t\t\t\t\/>\n\t\t\t<\/a>\n\t\t<\/div>\n\t\t\t\t\t\t\t<\/div> \n\t\t\t\n\t\t\t\t<div id=\"ngg-image-6\" class=\"ngg-gallery-thumbnail-box \n\t\t\t\t\t\t\t\tngg-3-columns\t\t\t\" \n\t\t\t>\n\t\t\t\t\t\t<div class=\"ngg-gallery-thumbnail\">\n\t\t\t<a href=\"https:\/\/www.pavelsuba.cz\/wp-content\/gallery\/doc-homelessness\/IMG_6383.jpg\"\n\t\t\t\ttitle=\"\"\n\t\t\t\tdata-src=\"https:\/\/www.pavelsuba.cz\/wp-content\/gallery\/doc-homelessness\/IMG_6383.jpg\"\n\t\t\t\tdata-thumbnail=\"https:\/\/www.pavelsuba.cz\/wp-content\/gallery\/doc-homelessness\/thumbs\/thumbs_IMG_6383.jpg\"\n\t\t\t\tdata-image-id=\"160\"\n\t\t\t\tdata-title=\"IMG_6383\"\n\t\t\t\tdata-description=\"\"\n\t\t\t\tdata-image-slug=\"img_6383\"\n\t\t\t\tclass=\"ngg-simplelightbox\" rel=\"ba37debb0f1a4082dc5b39d5a86c9612\">\n\t\t\t\t<img\n\t\t\t\t\ttitle=\"IMG_6383\"\n\t\t\t\t\talt=\"IMG_6383\"\n\t\t\t\t\tsrc=\"https:\/\/www.pavelsuba.cz\/wp-content\/gallery\/doc-homelessness\/thumbs\/thumbs_IMG_6383.jpg\"\n\t\t\t\t\twidth=\"240\"\n\t\t\t\t\theight=\"160\"\n\t\t\t\t\tstyle=\"max-width:100%;\"\n\t\t\t\t\/>\n\t\t\t<\/a>\n\t\t<\/div>\n\t\t\t\t\t\t\t<\/div> \n\t\t\t\n\t\t\t\t<div id=\"ngg-image-7\" class=\"ngg-gallery-thumbnail-box \n\t\t\t\t\t\t\t\tngg-3-columns\t\t\t\" \n\t\t\t>\n\t\t\t\t\t\t<div class=\"ngg-gallery-thumbnail\">\n\t\t\t<a href=\"https:\/\/www.pavelsuba.cz\/wp-content\/gallery\/doc-homelessness\/IMG_7518.jpg\"\n\t\t\t\ttitle=\"\"\n\t\t\t\tdata-src=\"https:\/\/www.pavelsuba.cz\/wp-content\/gallery\/doc-homelessness\/IMG_7518.jpg\"\n\t\t\t\tdata-thumbnail=\"https:\/\/www.pavelsuba.cz\/wp-content\/gallery\/doc-homelessness\/thumbs\/thumbs_IMG_7518.jpg\"\n\t\t\t\tdata-image-id=\"162\"\n\t\t\t\tdata-title=\"IMG_7518\"\n\t\t\t\tdata-description=\"\"\n\t\t\t\tdata-image-slug=\"img_7518\"\n\t\t\t\tclass=\"ngg-simplelightbox\" rel=\"ba37debb0f1a4082dc5b39d5a86c9612\">\n\t\t\t\t<img\n\t\t\t\t\ttitle=\"IMG_7518\"\n\t\t\t\t\talt=\"IMG_7518\"\n\t\t\t\t\tsrc=\"https:\/\/www.pavelsuba.cz\/wp-content\/gallery\/doc-homelessness\/thumbs\/thumbs_IMG_7518.jpg\"\n\t\t\t\t\twidth=\"240\"\n\t\t\t\t\theight=\"160\"\n\t\t\t\t\tstyle=\"max-width:100%;\"\n\t\t\t\t\/>\n\t\t\t<\/a>\n\t\t<\/div>\n\t\t\t\t\t\t\t<\/div> \n\t\t\t\n\t\t\t\t<div id=\"ngg-image-8\" class=\"ngg-gallery-thumbnail-box \n\t\t\t\t\t\t\t\tngg-3-columns\t\t\t\" \n\t\t\t>\n\t\t\t\t\t\t<div class=\"ngg-gallery-thumbnail\">\n\t\t\t<a href=\"https:\/\/www.pavelsuba.cz\/wp-content\/gallery\/doc-homelessness\/IMG_7729.jpg\"\n\t\t\t\ttitle=\"\"\n\t\t\t\tdata-src=\"https:\/\/www.pavelsuba.cz\/wp-content\/gallery\/doc-homelessness\/IMG_7729.jpg\"\n\t\t\t\tdata-thumbnail=\"https:\/\/www.pavelsuba.cz\/wp-content\/gallery\/doc-homelessness\/thumbs\/thumbs_IMG_7729.jpg\"\n\t\t\t\tdata-image-id=\"167\"\n\t\t\t\tdata-title=\"IMG_7729\"\n\t\t\t\tdata-description=\"\"\n\t\t\t\tdata-image-slug=\"img_7729\"\n\t\t\t\tclass=\"ngg-simplelightbox\" rel=\"ba37debb0f1a4082dc5b39d5a86c9612\">\n\t\t\t\t<img\n\t\t\t\t\ttitle=\"IMG_7729\"\n\t\t\t\t\talt=\"IMG_7729\"\n\t\t\t\t\tsrc=\"https:\/\/www.pavelsuba.cz\/wp-content\/gallery\/doc-homelessness\/thumbs\/thumbs_IMG_7729.jpg\"\n\t\t\t\t\twidth=\"240\"\n\t\t\t\t\theight=\"160\"\n\t\t\t\t\tstyle=\"max-width:100%;\"\n\t\t\t\t\/>\n\t\t\t<\/a>\n\t\t<\/div>\n\t\t\t\t\t\t\t<\/div> \n\t\t\t\n\t\t\t\t<div id=\"ngg-image-9\" class=\"ngg-gallery-thumbnail-box \n\t\t\t\t\t\t\t\tngg-3-columns\t\t\t\" \n\t\t\t>\n\t\t\t\t\t\t<div class=\"ngg-gallery-thumbnail\">\n\t\t\t<a href=\"https:\/\/www.pavelsuba.cz\/wp-content\/gallery\/doc-homelessness\/IMG_7520.jpg\"\n\t\t\t\ttitle=\"\"\n\t\t\t\tdata-src=\"https:\/\/www.pavelsuba.cz\/wp-content\/gallery\/doc-homelessness\/IMG_7520.jpg\"\n\t\t\t\tdata-thumbnail=\"https:\/\/www.pavelsuba.cz\/wp-content\/gallery\/doc-homelessness\/thumbs\/thumbs_IMG_7520.jpg\"\n\t\t\t\tdata-image-id=\"163\"\n\t\t\t\tdata-title=\"IMG_7520\"\n\t\t\t\tdata-description=\"\"\n\t\t\t\tdata-image-slug=\"img_7520\"\n\t\t\t\tclass=\"ngg-simplelightbox\" rel=\"ba37debb0f1a4082dc5b39d5a86c9612\">\n\t\t\t\t<img\n\t\t\t\t\ttitle=\"IMG_7520\"\n\t\t\t\t\talt=\"IMG_7520\"\n\t\t\t\t\tsrc=\"https:\/\/www.pavelsuba.cz\/wp-content\/gallery\/doc-homelessness\/thumbs\/thumbs_IMG_7520.jpg\"\n\t\t\t\t\twidth=\"240\"\n\t\t\t\t\theight=\"160\"\n\t\t\t\t\tstyle=\"max-width:100%;\"\n\t\t\t\t\/>\n\t\t\t<\/a>\n\t\t<\/div>\n\t\t\t\t\t\t\t<\/div> \n\t\t\t\n\t\t\t\t<div id=\"ngg-image-10\" class=\"ngg-gallery-thumbnail-box \n\t\t\t\t\t\t\t\tngg-3-columns\t\t\t\" \n\t\t\t>\n\t\t\t\t\t\t<div class=\"ngg-gallery-thumbnail\">\n\t\t\t<a href=\"https:\/\/www.pavelsuba.cz\/wp-content\/gallery\/doc-homelessness\/IMG_7534.jpg\"\n\t\t\t\ttitle=\"\"\n\t\t\t\tdata-src=\"https:\/\/www.pavelsuba.cz\/wp-content\/gallery\/doc-homelessness\/IMG_7534.jpg\"\n\t\t\t\tdata-thumbnail=\"https:\/\/www.pavelsuba.cz\/wp-content\/gallery\/doc-homelessness\/thumbs\/thumbs_IMG_7534.jpg\"\n\t\t\t\tdata-image-id=\"164\"\n\t\t\t\tdata-title=\"IMG_7534\"\n\t\t\t\tdata-description=\"\"\n\t\t\t\tdata-image-slug=\"img_7534\"\n\t\t\t\tclass=\"ngg-simplelightbox\" rel=\"ba37debb0f1a4082dc5b39d5a86c9612\">\n\t\t\t\t<img\n\t\t\t\t\ttitle=\"IMG_7534\"\n\t\t\t\t\talt=\"IMG_7534\"\n\t\t\t\t\tsrc=\"https:\/\/www.pavelsuba.cz\/wp-content\/gallery\/doc-homelessness\/thumbs\/thumbs_IMG_7534.jpg\"\n\t\t\t\t\twidth=\"240\"\n\t\t\t\t\theight=\"160\"\n\t\t\t\t\tstyle=\"max-width:100%;\"\n\t\t\t\t\/>\n\t\t\t<\/a>\n\t\t<\/div>\n\t\t\t\t\t\t\t<\/div> \n\t\t\t\n\t\t\t\t<div id=\"ngg-image-11\" class=\"ngg-gallery-thumbnail-box \n\t\t\t\t\t\t\t\tngg-3-columns\t\t\t\" \n\t\t\t>\n\t\t\t\t\t\t<div class=\"ngg-gallery-thumbnail\">\n\t\t\t<a href=\"https:\/\/www.pavelsuba.cz\/wp-content\/gallery\/doc-homelessness\/IMG_7537.jpg\"\n\t\t\t\ttitle=\"\"\n\t\t\t\tdata-src=\"https:\/\/www.pavelsuba.cz\/wp-content\/gallery\/doc-homelessness\/IMG_7537.jpg\"\n\t\t\t\tdata-thumbnail=\"https:\/\/www.pavelsuba.cz\/wp-content\/gallery\/doc-homelessness\/thumbs\/thumbs_IMG_7537.jpg\"\n\t\t\t\tdata-image-id=\"165\"\n\t\t\t\tdata-title=\"IMG_7537\"\n\t\t\t\tdata-description=\"\"\n\t\t\t\tdata-image-slug=\"img_7537\"\n\t\t\t\tclass=\"ngg-simplelightbox\" rel=\"ba37debb0f1a4082dc5b39d5a86c9612\">\n\t\t\t\t<img\n\t\t\t\t\ttitle=\"IMG_7537\"\n\t\t\t\t\talt=\"IMG_7537\"\n\t\t\t\t\tsrc=\"https:\/\/www.pavelsuba.cz\/wp-content\/gallery\/doc-homelessness\/thumbs\/thumbs_IMG_7537.jpg\"\n\t\t\t\t\twidth=\"240\"\n\t\t\t\t\theight=\"160\"\n\t\t\t\t\tstyle=\"max-width:100%;\"\n\t\t\t\t\/>\n\t\t\t<\/a>\n\t\t<\/div>\n\t\t\t\t\t\t\t<\/div> \n\t\t\t\n\t\t\t\t<div id=\"ngg-image-12\" class=\"ngg-gallery-thumbnail-box \n\t\t\t\t\t\t\t\tngg-3-columns\t\t\t\" \n\t\t\t>\n\t\t\t\t\t\t<div class=\"ngg-gallery-thumbnail\">\n\t\t\t<a href=\"https:\/\/www.pavelsuba.cz\/wp-content\/gallery\/doc-homelessness\/IMG_7731.jpg\"\n\t\t\t\ttitle=\"\"\n\t\t\t\tdata-src=\"https:\/\/www.pavelsuba.cz\/wp-content\/gallery\/doc-homelessness\/IMG_7731.jpg\"\n\t\t\t\tdata-thumbnail=\"https:\/\/www.pavelsuba.cz\/wp-content\/gallery\/doc-homelessness\/thumbs\/thumbs_IMG_7731.jpg\"\n\t\t\t\tdata-image-id=\"168\"\n\t\t\t\tdata-title=\"IMG_7731\"\n\t\t\t\tdata-description=\"\"\n\t\t\t\tdata-image-slug=\"img_7731\"\n\t\t\t\tclass=\"ngg-simplelightbox\" rel=\"ba37debb0f1a4082dc5b39d5a86c9612\">\n\t\t\t\t<img\n\t\t\t\t\ttitle=\"IMG_7731\"\n\t\t\t\t\talt=\"IMG_7731\"\n\t\t\t\t\tsrc=\"https:\/\/www.pavelsuba.cz\/wp-content\/gallery\/doc-homelessness\/thumbs\/thumbs_IMG_7731.jpg\"\n\t\t\t\t\twidth=\"240\"\n\t\t\t\t\theight=\"160\"\n\t\t\t\t\tstyle=\"max-width:100%;\"\n\t\t\t\t\/>\n\t\t\t<\/a>\n\t\t<\/div>\n\t\t\t\t\t\t\t<\/div> \n\t\t\t\n\t\t\t\t<div id=\"ngg-image-13\" class=\"ngg-gallery-thumbnail-box \n\t\t\t\t\t\t\t\tngg-3-columns\t\t\t\" \n\t\t\t>\n\t\t\t\t\t\t<div class=\"ngg-gallery-thumbnail\">\n\t\t\t<a href=\"https:\/\/www.pavelsuba.cz\/wp-content\/gallery\/doc-homelessness\/IMG_7722.jpg\"\n\t\t\t\ttitle=\"\"\n\t\t\t\tdata-src=\"https:\/\/www.pavelsuba.cz\/wp-content\/gallery\/doc-homelessness\/IMG_7722.jpg\"\n\t\t\t\tdata-thumbnail=\"https:\/\/www.pavelsuba.cz\/wp-content\/gallery\/doc-homelessness\/thumbs\/thumbs_IMG_7722.jpg\"\n\t\t\t\tdata-image-id=\"166\"\n\t\t\t\tdata-title=\"IMG_7722\"\n\t\t\t\tdata-description=\"\"\n\t\t\t\tdata-image-slug=\"img_7722\"\n\t\t\t\tclass=\"ngg-simplelightbox\" rel=\"ba37debb0f1a4082dc5b39d5a86c9612\">\n\t\t\t\t<img\n\t\t\t\t\ttitle=\"IMG_7722\"\n\t\t\t\t\talt=\"IMG_7722\"\n\t\t\t\t\tsrc=\"https:\/\/www.pavelsuba.cz\/wp-content\/gallery\/doc-homelessness\/thumbs\/thumbs_IMG_7722.jpg\"\n\t\t\t\t\twidth=\"240\"\n\t\t\t\t\theight=\"160\"\n\t\t\t\t\tstyle=\"max-width:100%;\"\n\t\t\t\t\/>\n\t\t\t<\/a>\n\t\t<\/div>\n\t\t\t\t\t\t\t<\/div> \n\t\t\t\n\t\t\t\t<div id=\"ngg-image-14\" class=\"ngg-gallery-thumbnail-box \n\t\t\t\t\t\t\t\tngg-3-columns\t\t\t\" \n\t\t\t>\n\t\t\t\t\t\t<div class=\"ngg-gallery-thumbnail\">\n\t\t\t<a href=\"https:\/\/www.pavelsuba.cz\/wp-content\/gallery\/doc-homelessness\/IMG_8854-1.jpg\"\n\t\t\t\ttitle=\"\"\n\t\t\t\tdata-src=\"https:\/\/www.pavelsuba.cz\/wp-content\/gallery\/doc-homelessness\/IMG_8854-1.jpg\"\n\t\t\t\tdata-thumbnail=\"https:\/\/www.pavelsuba.cz\/wp-content\/gallery\/doc-homelessness\/thumbs\/thumbs_IMG_8854-1.jpg\"\n\t\t\t\tdata-image-id=\"326\"\n\t\t\t\tdata-title=\"IMG_8854-1\"\n\t\t\t\tdata-description=\"\"\n\t\t\t\tdata-image-slug=\"img_8854-1-1\"\n\t\t\t\tclass=\"ngg-simplelightbox\" rel=\"ba37debb0f1a4082dc5b39d5a86c9612\">\n\t\t\t\t<img\n\t\t\t\t\ttitle=\"IMG_8854-1\"\n\t\t\t\t\talt=\"IMG_8854-1\"\n\t\t\t\t\tsrc=\"https:\/\/www.pavelsuba.cz\/wp-content\/gallery\/doc-homelessness\/thumbs\/thumbs_IMG_8854-1.jpg\"\n\t\t\t\t\twidth=\"240\"\n\t\t\t\t\theight=\"160\"\n\t\t\t\t\tstyle=\"max-width:100%;\"\n\t\t\t\t\/>\n\t\t\t<\/a>\n\t\t<\/div>\n\t\t\t\t\t\t\t<\/div> \n\t\t\t\n\t\t\t\t<div id=\"ngg-image-15\" class=\"ngg-gallery-thumbnail-box \n\t\t\t\t\t\t\t\tngg-3-columns\t\t\t\" \n\t\t\t>\n\t\t\t\t\t\t<div class=\"ngg-gallery-thumbnail\">\n\t\t\t<a href=\"https:\/\/www.pavelsuba.cz\/wp-content\/gallery\/doc-homelessness\/IMG_8480.jpg\"\n\t\t\t\ttitle=\"\"\n\t\t\t\tdata-src=\"https:\/\/www.pavelsuba.cz\/wp-content\/gallery\/doc-homelessness\/IMG_8480.jpg\"\n\t\t\t\tdata-thumbnail=\"https:\/\/www.pavelsuba.cz\/wp-content\/gallery\/doc-homelessness\/thumbs\/thumbs_IMG_8480.jpg\"\n\t\t\t\tdata-image-id=\"169\"\n\t\t\t\tdata-title=\"IMG_8480\"\n\t\t\t\tdata-description=\"\"\n\t\t\t\tdata-image-slug=\"img_8480\"\n\t\t\t\tclass=\"ngg-simplelightbox\" rel=\"ba37debb0f1a4082dc5b39d5a86c9612\">\n\t\t\t\t<img\n\t\t\t\t\ttitle=\"IMG_8480\"\n\t\t\t\t\talt=\"IMG_8480\"\n\t\t\t\t\tsrc=\"https:\/\/www.pavelsuba.cz\/wp-content\/gallery\/doc-homelessness\/thumbs\/thumbs_IMG_8480.jpg\"\n\t\t\t\t\twidth=\"240\"\n\t\t\t\t\theight=\"160\"\n\t\t\t\t\tstyle=\"max-width:100%;\"\n\t\t\t\t\/>\n\t\t\t<\/a>\n\t\t<\/div>\n\t\t\t\t\t\t\t<\/div> \n\t\t\t\n\t\t\t\t<div id=\"ngg-image-16\" class=\"ngg-gallery-thumbnail-box \n\t\t\t\t\t\t\t\tngg-3-columns\t\t\t\" \n\t\t\t>\n\t\t\t\t\t\t<div class=\"ngg-gallery-thumbnail\">\n\t\t\t<a href=\"https:\/\/www.pavelsuba.cz\/wp-content\/gallery\/doc-homelessness\/IMG_8530.jpg\"\n\t\t\t\ttitle=\"\"\n\t\t\t\tdata-src=\"https:\/\/www.pavelsuba.cz\/wp-content\/gallery\/doc-homelessness\/IMG_8530.jpg\"\n\t\t\t\tdata-thumbnail=\"https:\/\/www.pavelsuba.cz\/wp-content\/gallery\/doc-homelessness\/thumbs\/thumbs_IMG_8530.jpg\"\n\t\t\t\tdata-image-id=\"170\"\n\t\t\t\tdata-title=\"IMG_8530\"\n\t\t\t\tdata-description=\"\"\n\t\t\t\tdata-image-slug=\"img_8530\"\n\t\t\t\tclass=\"ngg-simplelightbox\" rel=\"ba37debb0f1a4082dc5b39d5a86c9612\">\n\t\t\t\t<img\n\t\t\t\t\ttitle=\"IMG_8530\"\n\t\t\t\t\talt=\"IMG_8530\"\n\t\t\t\t\tsrc=\"https:\/\/www.pavelsuba.cz\/wp-content\/gallery\/doc-homelessness\/thumbs\/thumbs_IMG_8530.jpg\"\n\t\t\t\t\twidth=\"240\"\n\t\t\t\t\theight=\"160\"\n\t\t\t\t\tstyle=\"max-width:100%;\"\n\t\t\t\t\/>\n\t\t\t<\/a>\n\t\t<\/div>\n\t\t\t\t\t\t\t<\/div> \n\t\t\t\n\t\t\t\t<div id=\"ngg-image-17\" class=\"ngg-gallery-thumbnail-box \n\t\t\t\t\t\t\t\tngg-3-columns\t\t\t\" \n\t\t\t>\n\t\t\t\t\t\t<div class=\"ngg-gallery-thumbnail\">\n\t\t\t<a href=\"https:\/\/www.pavelsuba.cz\/wp-content\/gallery\/doc-homelessness\/IMG_8866.jpg\"\n\t\t\t\ttitle=\"\"\n\t\t\t\tdata-src=\"https:\/\/www.pavelsuba.cz\/wp-content\/gallery\/doc-homelessness\/IMG_8866.jpg\"\n\t\t\t\tdata-thumbnail=\"https:\/\/www.pavelsuba.cz\/wp-content\/gallery\/doc-homelessness\/thumbs\/thumbs_IMG_8866.jpg\"\n\t\t\t\tdata-image-id=\"174\"\n\t\t\t\tdata-title=\"IMG_8866\"\n\t\t\t\tdata-description=\"\"\n\t\t\t\tdata-image-slug=\"img_8866\"\n\t\t\t\tclass=\"ngg-simplelightbox\" rel=\"ba37debb0f1a4082dc5b39d5a86c9612\">\n\t\t\t\t<img\n\t\t\t\t\ttitle=\"IMG_8866\"\n\t\t\t\t\talt=\"IMG_8866\"\n\t\t\t\t\tsrc=\"https:\/\/www.pavelsuba.cz\/wp-content\/gallery\/doc-homelessness\/thumbs\/thumbs_IMG_8866.jpg\"\n\t\t\t\t\twidth=\"240\"\n\t\t\t\t\theight=\"160\"\n\t\t\t\t\tstyle=\"max-width:100%;\"\n\t\t\t\t\/>\n\t\t\t<\/a>\n\t\t<\/div>\n\t\t\t\t\t\t\t<\/div> \n\t\t\t\n\t\n\t<br style=\"clear: both\" \/>\n\n\t\n\t\t<!-- Pagination -->\n\t\t<div class='ngg-clear'><\/div>\t<\/div>\n\n","protected":false},"excerpt":{"rendered":"<p>Dokumenty: B\u011bhem studi\u00ed jsem se specializoval na dlouhodobou dokument\u00e1rn\u00ed a redak\u010dn\u00ed fotografii (\u010dl\u00e1nky) a v\u017edy to byla srdcov\u00e1 z\u00e1le\u017eitost. Dok\u00e1\u017ei dokumentovat speci\u00e1ln\u00ed akce, jako jsou kluby\/party a ve\u010d\u00edrky, p\u0159\u00edb\u011bhy a v\u011bnovat se dlouhodob\u00fdm dokument\u00e1rn\u00edm t\u00e9mat\u016fm. Zaj\u00edm\u00e1 m\u011b tak\u00e9 pouli\u010dn\u00ed fotografie, ve kter\u00e9 se sna\u017e\u00edm zachytit nev\u0161edn\u00ed, nest\u0159e\u017een\u00e9 okam\u017eiky, kter\u00e9 se objevuj\u00ed. Dok\u00e1\u017ei pracovat v r\u016fzn\u00fdch &hellip; <\/p>\n<p class=\"link-more\"><a href=\"https:\/\/www.pavelsuba.cz\/?page_id=942\" class=\"more-link\">Continue reading<span class=\"screen-reader-text\"> &#8220;Dokumenty-Bez domova&#8221;<\/span><\/a><\/p>\n","protected":false},"author":1,"featured_media":0,"parent":0,"menu_order":0,"comment_status":"closed","ping_status":"closed","template":"","meta":{"ngg_post_thumbnail":0,"footnotes":""},"_links":{"self":[{"href":"https:\/\/www.pavelsuba.cz\/index.php?rest_route=\/wp\/v2\/pages\/942"}],"collection":[{"href":"https:\/\/www.pavelsuba.cz\/index.php?rest_route=\/wp\/v2\/pages"}],"about":[{"href":"https:\/\/www.pavelsuba.cz\/index.php?rest_route=\/wp\/v2\/types\/page"}],"author":[{"embeddable":true,"href":"https:\/\/www.pavelsuba.cz\/index.php?rest_route=\/wp\/v2\/users\/1"}],"replies":[{"embeddable":true,"href":"https:\/\/www.pavelsuba.cz\/index.php?rest_route=%2Fwp%2Fv2%2Fcomments&post=942"}],"version-history":[{"count":18,"href":"https:\/\/www.pavelsuba.cz\/index.php?rest_route=\/wp\/v2\/pages\/942\/revisions"}],"predecessor-version":[{"id":1591,"href":"https:\/\/www.pavelsuba.cz\/index.php?rest_route=\/wp\/v2\/pages\/942\/revisions\/1591"}],"wp:attachment":[{"href":"https:\/\/www.pavelsuba.cz\/index.php?rest_route=%2Fwp%2Fv2%2Fmedia&parent=942"}],"curies":[{"name":"wp","href":"https:\/\/api.w.org\/{rel}","templated":true}]}}