{"id":656,"date":"2020-07-17T08:46:40","date_gmt":"2020-07-17T08:46:40","guid":{"rendered":"http:\/\/www.pavelsuba.cz\/?page_id=656"},"modified":"2024-01-26T18:46:01","modified_gmt":"2024-01-26T18:46:01","slug":"makro-flora","status":"publish","type":"page","link":"https:\/\/www.pavelsuba.cz\/?page_id=656","title":{"rendered":"Makro-flora"},"content":{"rendered":"\n<p>\u00a0\u00a0 \u00a0\u00a0 \u00a0 \u00a0\u00a0 \u00a0<a href=\"http:\/\/www.pavelsuba.cz\/?page_id=598\">D\u011bti<\/a>\u00a0 \u00a0 \u00a0\u00a0 \u00a0 \u00a0\u00a0 \u00a0 \u00a0 \u00a0\u00a0  \u00a0\u00a0 \u00a0 \u00a0<a href=\"http:\/\/www.pavelsuba.cz\/?page_id=621\">Portr\u00e9ty<\/a>\u00a0 \u00a0\u00a0\u00a0 \u00a0 \u00a0 \u00a0\u00a0  \u00a0 \u00a0\u00a0 \u00a0\u00a0 \u00a0\u00a0 \u00a0 \u00a0<a href=\"http:\/\/www.pavelsuba.cz\/?page_id=656\">Makro<\/a>\u00a0 \u00a0\u00a0\u00a0 \u00a0 \u00a0 \u00a0\u00a0  \u00a0\u00a0  \u00a0\u00a0\u00a0 \u00a0 \u00a0<a href=\"http:\/\/www.pavelsuba.cz\/?page_id=683\">Dokumenty<\/a>\u00a0 \u00a0 \u00a0\u00a0  \u00a0\u00a0  \u00a0\u00a0\u00a0 \u00a0 \u00a0<a href=\"https:\/\/www.pavelsuba.cz\/?page_id=1470\">Architektura<\/a><\/p>\n\n\n\n<p><strong>Makro: <\/strong>Pro m\u011b pom\u011brn\u011b nov\u00e1 odborn\u00e1 oblast. Zam\u011b\u0159uji se p\u0159edev\u0161\u00edm na kv\u011btiny, zejm\u00e9na na orchideje a r\u016fzn\u00e9 druhy hmyzu. Mikrokosmos t\u011bchto mal\u00fdch sv\u011bt\u016f je vzru\u0161uj\u00edc\u00ed a velmi fascinuj\u00edc\u00ed. Ve sv\u00fdch fotografi\u00edch se sna\u017e\u00edm sd\u00edlet s div\u00e1kem z\u00e1zrak a radost, kterou za\u017e\u00edv\u00e1m p\u0159i sledov\u00e1n\u00ed konkr\u00e9tn\u00edho p\u0159edm\u011btu, a\u0165 u\u017e se jedn\u00e1 o barevn\u00fd hmyz nebo elegantn\u00ed kv\u011bt orchideje.<\/p>\n\n\n\n<p><a href=\"http:\/\/www.pavelsuba.cz\/?page_id=656\">Flora<\/a>&nbsp; &nbsp; &nbsp; &nbsp;<a href=\"http:\/\/www.pavelsuba.cz\/?page_id=934\">Fauna<\/a><\/p>\n\n\n\n<!-- default-view.php -->\n<div\n\tclass=\"ngg-galleryoverview default-view \n\t\t\"\n\tid=\"ngg-gallery-3f9e40a7d18ca905e50e2026bbd902ed-1\">\n\n\t\t<!-- Thumbnails -->\n\t\t\t\t<div id=\"ngg-image-0\" class=\"ngg-gallery-thumbnail-box \n\t\t\t\t\t\t\t\tngg-3-columns\t\t\t\" \n\t\t\t>\n\t\t\t\t\t\t<div class=\"ngg-gallery-thumbnail\">\n\t\t\t<a href=\"https:\/\/www.pavelsuba.cz\/wp-content\/gallery\/macro-flora\/IMG_8259.jpg\"\n\t\t\t\ttitle=\"\"\n\t\t\t\tdata-src=\"https:\/\/www.pavelsuba.cz\/wp-content\/gallery\/macro-flora\/IMG_8259.jpg\"\n\t\t\t\tdata-thumbnail=\"https:\/\/www.pavelsuba.cz\/wp-content\/gallery\/macro-flora\/thumbs\/thumbs_IMG_8259.jpg\"\n\t\t\t\tdata-image-id=\"320\"\n\t\t\t\tdata-title=\"IMG_8259\"\n\t\t\t\tdata-description=\"\"\n\t\t\t\tdata-image-slug=\"img_8259\"\n\t\t\t\tclass=\"ngg-simplelightbox\" rel=\"3f9e40a7d18ca905e50e2026bbd902ed\">\n\t\t\t\t<img\n\t\t\t\t\ttitle=\"IMG_8259\"\n\t\t\t\t\talt=\"IMG_8259\"\n\t\t\t\t\tsrc=\"https:\/\/www.pavelsuba.cz\/wp-content\/gallery\/macro-flora\/thumbs\/thumbs_IMG_8259.jpg\"\n\t\t\t\t\twidth=\"240\"\n\t\t\t\t\theight=\"160\"\n\t\t\t\t\tstyle=\"max-width:100%;\"\n\t\t\t\t\/>\n\t\t\t<\/a>\n\t\t<\/div>\n\t\t\t\t\t\t\t<\/div> \n\t\t\t\n\t\t\t\t<div id=\"ngg-image-1\" class=\"ngg-gallery-thumbnail-box \n\t\t\t\t\t\t\t\tngg-3-columns\t\t\t\" \n\t\t\t>\n\t\t\t\t\t\t<div class=\"ngg-gallery-thumbnail\">\n\t\t\t<a href=\"https:\/\/www.pavelsuba.cz\/wp-content\/gallery\/macro-flora\/IMG_7934.jpg\"\n\t\t\t\ttitle=\"\"\n\t\t\t\tdata-src=\"https:\/\/www.pavelsuba.cz\/wp-content\/gallery\/macro-flora\/IMG_7934.jpg\"\n\t\t\t\tdata-thumbnail=\"https:\/\/www.pavelsuba.cz\/wp-content\/gallery\/macro-flora\/thumbs\/thumbs_IMG_7934.jpg\"\n\t\t\t\tdata-image-id=\"213\"\n\t\t\t\tdata-title=\"IMG_7934\"\n\t\t\t\tdata-description=\"\"\n\t\t\t\tdata-image-slug=\"img_7934\"\n\t\t\t\tclass=\"ngg-simplelightbox\" rel=\"3f9e40a7d18ca905e50e2026bbd902ed\">\n\t\t\t\t<img\n\t\t\t\t\ttitle=\"IMG_7934\"\n\t\t\t\t\talt=\"IMG_7934\"\n\t\t\t\t\tsrc=\"https:\/\/www.pavelsuba.cz\/wp-content\/gallery\/macro-flora\/thumbs\/thumbs_IMG_7934.jpg\"\n\t\t\t\t\twidth=\"240\"\n\t\t\t\t\theight=\"160\"\n\t\t\t\t\tstyle=\"max-width:100%;\"\n\t\t\t\t\/>\n\t\t\t<\/a>\n\t\t<\/div>\n\t\t\t\t\t\t\t<\/div> \n\t\t\t\n\t\t\t\t<div id=\"ngg-image-2\" class=\"ngg-gallery-thumbnail-box \n\t\t\t\t\t\t\t\tngg-3-columns\t\t\t\" \n\t\t\t>\n\t\t\t\t\t\t<div class=\"ngg-gallery-thumbnail\">\n\t\t\t<a href=\"https:\/\/www.pavelsuba.cz\/wp-content\/gallery\/macro-flora\/IMG_2078.jpg\"\n\t\t\t\ttitle=\"\"\n\t\t\t\tdata-src=\"https:\/\/www.pavelsuba.cz\/wp-content\/gallery\/macro-flora\/IMG_2078.jpg\"\n\t\t\t\tdata-thumbnail=\"https:\/\/www.pavelsuba.cz\/wp-content\/gallery\/macro-flora\/thumbs\/thumbs_IMG_2078.jpg\"\n\t\t\t\tdata-image-id=\"315\"\n\t\t\t\tdata-title=\"IMG_2078\"\n\t\t\t\tdata-description=\"\"\n\t\t\t\tdata-image-slug=\"img_2078\"\n\t\t\t\tclass=\"ngg-simplelightbox\" rel=\"3f9e40a7d18ca905e50e2026bbd902ed\">\n\t\t\t\t<img\n\t\t\t\t\ttitle=\"IMG_2078\"\n\t\t\t\t\talt=\"IMG_2078\"\n\t\t\t\t\tsrc=\"https:\/\/www.pavelsuba.cz\/wp-content\/gallery\/macro-flora\/thumbs\/thumbs_IMG_2078.jpg\"\n\t\t\t\t\twidth=\"240\"\n\t\t\t\t\theight=\"160\"\n\t\t\t\t\tstyle=\"max-width:100%;\"\n\t\t\t\t\/>\n\t\t\t<\/a>\n\t\t<\/div>\n\t\t\t\t\t\t\t<\/div> \n\t\t\t\n\t\t\t\t<div id=\"ngg-image-3\" class=\"ngg-gallery-thumbnail-box \n\t\t\t\t\t\t\t\tngg-3-columns\t\t\t\" \n\t\t\t>\n\t\t\t\t\t\t<div class=\"ngg-gallery-thumbnail\">\n\t\t\t<a href=\"https:\/\/www.pavelsuba.cz\/wp-content\/gallery\/macro-flora\/IMG_7995.jpg\"\n\t\t\t\ttitle=\"\"\n\t\t\t\tdata-src=\"https:\/\/www.pavelsuba.cz\/wp-content\/gallery\/macro-flora\/IMG_7995.jpg\"\n\t\t\t\tdata-thumbnail=\"https:\/\/www.pavelsuba.cz\/wp-content\/gallery\/macro-flora\/thumbs\/thumbs_IMG_7995.jpg\"\n\t\t\t\tdata-image-id=\"214\"\n\t\t\t\tdata-title=\"IMG_7995\"\n\t\t\t\tdata-description=\"\"\n\t\t\t\tdata-image-slug=\"img_7995\"\n\t\t\t\tclass=\"ngg-simplelightbox\" rel=\"3f9e40a7d18ca905e50e2026bbd902ed\">\n\t\t\t\t<img\n\t\t\t\t\ttitle=\"IMG_7995\"\n\t\t\t\t\talt=\"IMG_7995\"\n\t\t\t\t\tsrc=\"https:\/\/www.pavelsuba.cz\/wp-content\/gallery\/macro-flora\/thumbs\/thumbs_IMG_7995.jpg\"\n\t\t\t\t\twidth=\"240\"\n\t\t\t\t\theight=\"160\"\n\t\t\t\t\tstyle=\"max-width:100%;\"\n\t\t\t\t\/>\n\t\t\t<\/a>\n\t\t<\/div>\n\t\t\t\t\t\t\t<\/div> \n\t\t\t\n\t\t\t\t<div id=\"ngg-image-4\" class=\"ngg-gallery-thumbnail-box \n\t\t\t\t\t\t\t\tngg-3-columns\t\t\t\" \n\t\t\t>\n\t\t\t\t\t\t<div class=\"ngg-gallery-thumbnail\">\n\t\t\t<a href=\"https:\/\/www.pavelsuba.cz\/wp-content\/gallery\/macro-flora\/IMG_8236.jpg\"\n\t\t\t\ttitle=\"\"\n\t\t\t\tdata-src=\"https:\/\/www.pavelsuba.cz\/wp-content\/gallery\/macro-flora\/IMG_8236.jpg\"\n\t\t\t\tdata-thumbnail=\"https:\/\/www.pavelsuba.cz\/wp-content\/gallery\/macro-flora\/thumbs\/thumbs_IMG_8236.jpg\"\n\t\t\t\tdata-image-id=\"217\"\n\t\t\t\tdata-title=\"IMG_8236\"\n\t\t\t\tdata-description=\"\"\n\t\t\t\tdata-image-slug=\"img_8236\"\n\t\t\t\tclass=\"ngg-simplelightbox\" rel=\"3f9e40a7d18ca905e50e2026bbd902ed\">\n\t\t\t\t<img\n\t\t\t\t\ttitle=\"IMG_8236\"\n\t\t\t\t\talt=\"IMG_8236\"\n\t\t\t\t\tsrc=\"https:\/\/www.pavelsuba.cz\/wp-content\/gallery\/macro-flora\/thumbs\/thumbs_IMG_8236.jpg\"\n\t\t\t\t\twidth=\"240\"\n\t\t\t\t\theight=\"160\"\n\t\t\t\t\tstyle=\"max-width:100%;\"\n\t\t\t\t\/>\n\t\t\t<\/a>\n\t\t<\/div>\n\t\t\t\t\t\t\t<\/div> \n\t\t\t\n\t\t\t\t<div id=\"ngg-image-5\" class=\"ngg-gallery-thumbnail-box \n\t\t\t\t\t\t\t\tngg-3-columns\t\t\t\" \n\t\t\t>\n\t\t\t\t\t\t<div class=\"ngg-gallery-thumbnail\">\n\t\t\t<a href=\"https:\/\/www.pavelsuba.cz\/wp-content\/gallery\/macro-flora\/007B.jpg\"\n\t\t\t\ttitle=\"\"\n\t\t\t\tdata-src=\"https:\/\/www.pavelsuba.cz\/wp-content\/gallery\/macro-flora\/007B.jpg\"\n\t\t\t\tdata-thumbnail=\"https:\/\/www.pavelsuba.cz\/wp-content\/gallery\/macro-flora\/thumbs\/thumbs_007B.jpg\"\n\t\t\t\tdata-image-id=\"197\"\n\t\t\t\tdata-title=\"007B\"\n\t\t\t\tdata-description=\"\"\n\t\t\t\tdata-image-slug=\"007b\"\n\t\t\t\tclass=\"ngg-simplelightbox\" rel=\"3f9e40a7d18ca905e50e2026bbd902ed\">\n\t\t\t\t<img\n\t\t\t\t\ttitle=\"007B\"\n\t\t\t\t\talt=\"007B\"\n\t\t\t\t\tsrc=\"https:\/\/www.pavelsuba.cz\/wp-content\/gallery\/macro-flora\/thumbs\/thumbs_007B.jpg\"\n\t\t\t\t\twidth=\"240\"\n\t\t\t\t\theight=\"160\"\n\t\t\t\t\tstyle=\"max-width:100%;\"\n\t\t\t\t\/>\n\t\t\t<\/a>\n\t\t<\/div>\n\t\t\t\t\t\t\t<\/div> \n\t\t\t\n\t\t\t\t<div id=\"ngg-image-6\" class=\"ngg-gallery-thumbnail-box \n\t\t\t\t\t\t\t\tngg-3-columns\t\t\t\" \n\t\t\t>\n\t\t\t\t\t\t<div class=\"ngg-gallery-thumbnail\">\n\t\t\t<a href=\"https:\/\/www.pavelsuba.cz\/wp-content\/gallery\/macro-flora\/IMG_8224.jpg\"\n\t\t\t\ttitle=\"\"\n\t\t\t\tdata-src=\"https:\/\/www.pavelsuba.cz\/wp-content\/gallery\/macro-flora\/IMG_8224.jpg\"\n\t\t\t\tdata-thumbnail=\"https:\/\/www.pavelsuba.cz\/wp-content\/gallery\/macro-flora\/thumbs\/thumbs_IMG_8224.jpg\"\n\t\t\t\tdata-image-id=\"319\"\n\t\t\t\tdata-title=\"IMG_8224\"\n\t\t\t\tdata-description=\"\"\n\t\t\t\tdata-image-slug=\"img_8224\"\n\t\t\t\tclass=\"ngg-simplelightbox\" rel=\"3f9e40a7d18ca905e50e2026bbd902ed\">\n\t\t\t\t<img\n\t\t\t\t\ttitle=\"IMG_8224\"\n\t\t\t\t\talt=\"IMG_8224\"\n\t\t\t\t\tsrc=\"https:\/\/www.pavelsuba.cz\/wp-content\/gallery\/macro-flora\/thumbs\/thumbs_IMG_8224.jpg\"\n\t\t\t\t\twidth=\"240\"\n\t\t\t\t\theight=\"160\"\n\t\t\t\t\tstyle=\"max-width:100%;\"\n\t\t\t\t\/>\n\t\t\t<\/a>\n\t\t<\/div>\n\t\t\t\t\t\t\t<\/div> \n\t\t\t\n\t\t\t\t<div id=\"ngg-image-7\" class=\"ngg-gallery-thumbnail-box \n\t\t\t\t\t\t\t\tngg-3-columns\t\t\t\" \n\t\t\t>\n\t\t\t\t\t\t<div class=\"ngg-gallery-thumbnail\">\n\t\t\t<a href=\"https:\/\/www.pavelsuba.cz\/wp-content\/gallery\/macro-flora\/IMG_8036.jpg\"\n\t\t\t\ttitle=\"\"\n\t\t\t\tdata-src=\"https:\/\/www.pavelsuba.cz\/wp-content\/gallery\/macro-flora\/IMG_8036.jpg\"\n\t\t\t\tdata-thumbnail=\"https:\/\/www.pavelsuba.cz\/wp-content\/gallery\/macro-flora\/thumbs\/thumbs_IMG_8036.jpg\"\n\t\t\t\tdata-image-id=\"215\"\n\t\t\t\tdata-title=\"IMG_8036\"\n\t\t\t\tdata-description=\"\"\n\t\t\t\tdata-image-slug=\"img_8036\"\n\t\t\t\tclass=\"ngg-simplelightbox\" rel=\"3f9e40a7d18ca905e50e2026bbd902ed\">\n\t\t\t\t<img\n\t\t\t\t\ttitle=\"IMG_8036\"\n\t\t\t\t\talt=\"IMG_8036\"\n\t\t\t\t\tsrc=\"https:\/\/www.pavelsuba.cz\/wp-content\/gallery\/macro-flora\/thumbs\/thumbs_IMG_8036.jpg\"\n\t\t\t\t\twidth=\"240\"\n\t\t\t\t\theight=\"160\"\n\t\t\t\t\tstyle=\"max-width:100%;\"\n\t\t\t\t\/>\n\t\t\t<\/a>\n\t\t<\/div>\n\t\t\t\t\t\t\t<\/div> \n\t\t\t\n\t\t\t\t<div id=\"ngg-image-8\" class=\"ngg-gallery-thumbnail-box \n\t\t\t\t\t\t\t\tngg-3-columns\t\t\t\" \n\t\t\t>\n\t\t\t\t\t\t<div class=\"ngg-gallery-thumbnail\">\n\t\t\t<a href=\"https:\/\/www.pavelsuba.cz\/wp-content\/gallery\/macro-flora\/042B.jpg\"\n\t\t\t\ttitle=\"\"\n\t\t\t\tdata-src=\"https:\/\/www.pavelsuba.cz\/wp-content\/gallery\/macro-flora\/042B.jpg\"\n\t\t\t\tdata-thumbnail=\"https:\/\/www.pavelsuba.cz\/wp-content\/gallery\/macro-flora\/thumbs\/thumbs_042B.jpg\"\n\t\t\t\tdata-image-id=\"200\"\n\t\t\t\tdata-title=\"042B\"\n\t\t\t\tdata-description=\"\"\n\t\t\t\tdata-image-slug=\"042b\"\n\t\t\t\tclass=\"ngg-simplelightbox\" rel=\"3f9e40a7d18ca905e50e2026bbd902ed\">\n\t\t\t\t<img\n\t\t\t\t\ttitle=\"042B\"\n\t\t\t\t\talt=\"042B\"\n\t\t\t\t\tsrc=\"https:\/\/www.pavelsuba.cz\/wp-content\/gallery\/macro-flora\/thumbs\/thumbs_042B.jpg\"\n\t\t\t\t\twidth=\"240\"\n\t\t\t\t\theight=\"160\"\n\t\t\t\t\tstyle=\"max-width:100%;\"\n\t\t\t\t\/>\n\t\t\t<\/a>\n\t\t<\/div>\n\t\t\t\t\t\t\t<\/div> \n\t\t\t\n\t\t\t\t<div id=\"ngg-image-9\" class=\"ngg-gallery-thumbnail-box \n\t\t\t\t\t\t\t\tngg-3-columns\t\t\t\" \n\t\t\t>\n\t\t\t\t\t\t<div class=\"ngg-gallery-thumbnail\">\n\t\t\t<a href=\"https:\/\/www.pavelsuba.cz\/wp-content\/gallery\/macro-flora\/039B.jpg\"\n\t\t\t\ttitle=\"\"\n\t\t\t\tdata-src=\"https:\/\/www.pavelsuba.cz\/wp-content\/gallery\/macro-flora\/039B.jpg\"\n\t\t\t\tdata-thumbnail=\"https:\/\/www.pavelsuba.cz\/wp-content\/gallery\/macro-flora\/thumbs\/thumbs_039B.jpg\"\n\t\t\t\tdata-image-id=\"199\"\n\t\t\t\tdata-title=\"039B\"\n\t\t\t\tdata-description=\"\"\n\t\t\t\tdata-image-slug=\"039b\"\n\t\t\t\tclass=\"ngg-simplelightbox\" rel=\"3f9e40a7d18ca905e50e2026bbd902ed\">\n\t\t\t\t<img\n\t\t\t\t\ttitle=\"039B\"\n\t\t\t\t\talt=\"039B\"\n\t\t\t\t\tsrc=\"https:\/\/www.pavelsuba.cz\/wp-content\/gallery\/macro-flora\/thumbs\/thumbs_039B.jpg\"\n\t\t\t\t\twidth=\"240\"\n\t\t\t\t\theight=\"160\"\n\t\t\t\t\tstyle=\"max-width:100%;\"\n\t\t\t\t\/>\n\t\t\t<\/a>\n\t\t<\/div>\n\t\t\t\t\t\t\t<\/div> \n\t\t\t\n\t\t\t\t<div id=\"ngg-image-10\" class=\"ngg-gallery-thumbnail-box \n\t\t\t\t\t\t\t\tngg-3-columns\t\t\t\" \n\t\t\t>\n\t\t\t\t\t\t<div class=\"ngg-gallery-thumbnail\">\n\t\t\t<a href=\"https:\/\/www.pavelsuba.cz\/wp-content\/gallery\/macro-flora\/118B.jpg\"\n\t\t\t\ttitle=\"\"\n\t\t\t\tdata-src=\"https:\/\/www.pavelsuba.cz\/wp-content\/gallery\/macro-flora\/118B.jpg\"\n\t\t\t\tdata-thumbnail=\"https:\/\/www.pavelsuba.cz\/wp-content\/gallery\/macro-flora\/thumbs\/thumbs_118B.jpg\"\n\t\t\t\tdata-image-id=\"202\"\n\t\t\t\tdata-title=\"118B\"\n\t\t\t\tdata-description=\"\"\n\t\t\t\tdata-image-slug=\"118b\"\n\t\t\t\tclass=\"ngg-simplelightbox\" rel=\"3f9e40a7d18ca905e50e2026bbd902ed\">\n\t\t\t\t<img\n\t\t\t\t\ttitle=\"118B\"\n\t\t\t\t\talt=\"118B\"\n\t\t\t\t\tsrc=\"https:\/\/www.pavelsuba.cz\/wp-content\/gallery\/macro-flora\/thumbs\/thumbs_118B.jpg\"\n\t\t\t\t\twidth=\"240\"\n\t\t\t\t\theight=\"160\"\n\t\t\t\t\tstyle=\"max-width:100%;\"\n\t\t\t\t\/>\n\t\t\t<\/a>\n\t\t<\/div>\n\t\t\t\t\t\t\t<\/div> \n\t\t\t\n\t\t\t\t<div id=\"ngg-image-11\" class=\"ngg-gallery-thumbnail-box \n\t\t\t\t\t\t\t\tngg-3-columns\t\t\t\" \n\t\t\t>\n\t\t\t\t\t\t<div class=\"ngg-gallery-thumbnail\">\n\t\t\t<a href=\"https:\/\/www.pavelsuba.cz\/wp-content\/gallery\/macro-flora\/IMG_6140.jpg\"\n\t\t\t\ttitle=\"\"\n\t\t\t\tdata-src=\"https:\/\/www.pavelsuba.cz\/wp-content\/gallery\/macro-flora\/IMG_6140.jpg\"\n\t\t\t\tdata-thumbnail=\"https:\/\/www.pavelsuba.cz\/wp-content\/gallery\/macro-flora\/thumbs\/thumbs_IMG_6140.jpg\"\n\t\t\t\tdata-image-id=\"206\"\n\t\t\t\tdata-title=\"IMG_6140\"\n\t\t\t\tdata-description=\"\"\n\t\t\t\tdata-image-slug=\"img_6140\"\n\t\t\t\tclass=\"ngg-simplelightbox\" rel=\"3f9e40a7d18ca905e50e2026bbd902ed\">\n\t\t\t\t<img\n\t\t\t\t\ttitle=\"IMG_6140\"\n\t\t\t\t\talt=\"IMG_6140\"\n\t\t\t\t\tsrc=\"https:\/\/www.pavelsuba.cz\/wp-content\/gallery\/macro-flora\/thumbs\/thumbs_IMG_6140.jpg\"\n\t\t\t\t\twidth=\"240\"\n\t\t\t\t\theight=\"160\"\n\t\t\t\t\tstyle=\"max-width:100%;\"\n\t\t\t\t\/>\n\t\t\t<\/a>\n\t\t<\/div>\n\t\t\t\t\t\t\t<\/div> \n\t\t\t\n\t\t\t\t<div id=\"ngg-image-12\" class=\"ngg-gallery-thumbnail-box \n\t\t\t\t\t\t\t\tngg-3-columns\t\t\t\" \n\t\t\t>\n\t\t\t\t\t\t<div class=\"ngg-gallery-thumbnail\">\n\t\t\t<a href=\"https:\/\/www.pavelsuba.cz\/wp-content\/gallery\/macro-flora\/IMG_7141C.jpg\"\n\t\t\t\ttitle=\"\"\n\t\t\t\tdata-src=\"https:\/\/www.pavelsuba.cz\/wp-content\/gallery\/macro-flora\/IMG_7141C.jpg\"\n\t\t\t\tdata-thumbnail=\"https:\/\/www.pavelsuba.cz\/wp-content\/gallery\/macro-flora\/thumbs\/thumbs_IMG_7141C.jpg\"\n\t\t\t\tdata-image-id=\"207\"\n\t\t\t\tdata-title=\"IMG_7141C\"\n\t\t\t\tdata-description=\"\"\n\t\t\t\tdata-image-slug=\"img_7141c\"\n\t\t\t\tclass=\"ngg-simplelightbox\" rel=\"3f9e40a7d18ca905e50e2026bbd902ed\">\n\t\t\t\t<img\n\t\t\t\t\ttitle=\"IMG_7141C\"\n\t\t\t\t\talt=\"IMG_7141C\"\n\t\t\t\t\tsrc=\"https:\/\/www.pavelsuba.cz\/wp-content\/gallery\/macro-flora\/thumbs\/thumbs_IMG_7141C.jpg\"\n\t\t\t\t\twidth=\"240\"\n\t\t\t\t\theight=\"160\"\n\t\t\t\t\tstyle=\"max-width:100%;\"\n\t\t\t\t\/>\n\t\t\t<\/a>\n\t\t<\/div>\n\t\t\t\t\t\t\t<\/div> \n\t\t\t\n\t\t\t\t<div id=\"ngg-image-13\" class=\"ngg-gallery-thumbnail-box \n\t\t\t\t\t\t\t\tngg-3-columns\t\t\t\" \n\t\t\t>\n\t\t\t\t\t\t<div class=\"ngg-gallery-thumbnail\">\n\t\t\t<a href=\"https:\/\/www.pavelsuba.cz\/wp-content\/gallery\/macro-flora\/IMG_7152.jpg\"\n\t\t\t\ttitle=\"\"\n\t\t\t\tdata-src=\"https:\/\/www.pavelsuba.cz\/wp-content\/gallery\/macro-flora\/IMG_7152.jpg\"\n\t\t\t\tdata-thumbnail=\"https:\/\/www.pavelsuba.cz\/wp-content\/gallery\/macro-flora\/thumbs\/thumbs_IMG_7152.jpg\"\n\t\t\t\tdata-image-id=\"208\"\n\t\t\t\tdata-title=\"IMG_7152\"\n\t\t\t\tdata-description=\"\"\n\t\t\t\tdata-image-slug=\"img_7152\"\n\t\t\t\tclass=\"ngg-simplelightbox\" rel=\"3f9e40a7d18ca905e50e2026bbd902ed\">\n\t\t\t\t<img\n\t\t\t\t\ttitle=\"IMG_7152\"\n\t\t\t\t\talt=\"IMG_7152\"\n\t\t\t\t\tsrc=\"https:\/\/www.pavelsuba.cz\/wp-content\/gallery\/macro-flora\/thumbs\/thumbs_IMG_7152.jpg\"\n\t\t\t\t\twidth=\"240\"\n\t\t\t\t\theight=\"160\"\n\t\t\t\t\tstyle=\"max-width:100%;\"\n\t\t\t\t\/>\n\t\t\t<\/a>\n\t\t<\/div>\n\t\t\t\t\t\t\t<\/div> \n\t\t\t\n\t\t\t\t<div id=\"ngg-image-14\" class=\"ngg-gallery-thumbnail-box \n\t\t\t\t\t\t\t\tngg-3-columns\t\t\t\" \n\t\t\t>\n\t\t\t\t\t\t<div class=\"ngg-gallery-thumbnail\">\n\t\t\t<a href=\"https:\/\/www.pavelsuba.cz\/wp-content\/gallery\/macro-flora\/IMG_7205.jpg\"\n\t\t\t\ttitle=\"\"\n\t\t\t\tdata-src=\"https:\/\/www.pavelsuba.cz\/wp-content\/gallery\/macro-flora\/IMG_7205.jpg\"\n\t\t\t\tdata-thumbnail=\"https:\/\/www.pavelsuba.cz\/wp-content\/gallery\/macro-flora\/thumbs\/thumbs_IMG_7205.jpg\"\n\t\t\t\tdata-image-id=\"209\"\n\t\t\t\tdata-title=\"IMG_7205\"\n\t\t\t\tdata-description=\"\"\n\t\t\t\tdata-image-slug=\"img_7205\"\n\t\t\t\tclass=\"ngg-simplelightbox\" rel=\"3f9e40a7d18ca905e50e2026bbd902ed\">\n\t\t\t\t<img\n\t\t\t\t\ttitle=\"IMG_7205\"\n\t\t\t\t\talt=\"IMG_7205\"\n\t\t\t\t\tsrc=\"https:\/\/www.pavelsuba.cz\/wp-content\/gallery\/macro-flora\/thumbs\/thumbs_IMG_7205.jpg\"\n\t\t\t\t\twidth=\"240\"\n\t\t\t\t\theight=\"160\"\n\t\t\t\t\tstyle=\"max-width:100%;\"\n\t\t\t\t\/>\n\t\t\t<\/a>\n\t\t<\/div>\n\t\t\t\t\t\t\t<\/div> \n\t\t\t\n\t\t\t\t<div id=\"ngg-image-15\" class=\"ngg-gallery-thumbnail-box \n\t\t\t\t\t\t\t\tngg-3-columns\t\t\t\" \n\t\t\t>\n\t\t\t\t\t\t<div class=\"ngg-gallery-thumbnail\">\n\t\t\t<a href=\"https:\/\/www.pavelsuba.cz\/wp-content\/gallery\/macro-flora\/IMG_6995B.jpg\"\n\t\t\t\ttitle=\"\"\n\t\t\t\tdata-src=\"https:\/\/www.pavelsuba.cz\/wp-content\/gallery\/macro-flora\/IMG_6995B.jpg\"\n\t\t\t\tdata-thumbnail=\"https:\/\/www.pavelsuba.cz\/wp-content\/gallery\/macro-flora\/thumbs\/thumbs_IMG_6995B.jpg\"\n\t\t\t\tdata-image-id=\"316\"\n\t\t\t\tdata-title=\"IMG_6995B\"\n\t\t\t\tdata-description=\"\"\n\t\t\t\tdata-image-slug=\"img_6995b\"\n\t\t\t\tclass=\"ngg-simplelightbox\" rel=\"3f9e40a7d18ca905e50e2026bbd902ed\">\n\t\t\t\t<img\n\t\t\t\t\ttitle=\"IMG_6995B\"\n\t\t\t\t\talt=\"IMG_6995B\"\n\t\t\t\t\tsrc=\"https:\/\/www.pavelsuba.cz\/wp-content\/gallery\/macro-flora\/thumbs\/thumbs_IMG_6995B.jpg\"\n\t\t\t\t\twidth=\"240\"\n\t\t\t\t\theight=\"160\"\n\t\t\t\t\tstyle=\"max-width:100%;\"\n\t\t\t\t\/>\n\t\t\t<\/a>\n\t\t<\/div>\n\t\t\t\t\t\t\t<\/div> \n\t\t\t\n\t\t\t\t<div id=\"ngg-image-16\" class=\"ngg-gallery-thumbnail-box \n\t\t\t\t\t\t\t\tngg-3-columns\t\t\t\" \n\t\t\t>\n\t\t\t\t\t\t<div class=\"ngg-gallery-thumbnail\">\n\t\t\t<a href=\"https:\/\/www.pavelsuba.cz\/wp-content\/gallery\/macro-flora\/IMG_7008.jpg\"\n\t\t\t\ttitle=\"\"\n\t\t\t\tdata-src=\"https:\/\/www.pavelsuba.cz\/wp-content\/gallery\/macro-flora\/IMG_7008.jpg\"\n\t\t\t\tdata-thumbnail=\"https:\/\/www.pavelsuba.cz\/wp-content\/gallery\/macro-flora\/thumbs\/thumbs_IMG_7008.jpg\"\n\t\t\t\tdata-image-id=\"317\"\n\t\t\t\tdata-title=\"IMG_7008\"\n\t\t\t\tdata-description=\"\"\n\t\t\t\tdata-image-slug=\"img_7008\"\n\t\t\t\tclass=\"ngg-simplelightbox\" rel=\"3f9e40a7d18ca905e50e2026bbd902ed\">\n\t\t\t\t<img\n\t\t\t\t\ttitle=\"IMG_7008\"\n\t\t\t\t\talt=\"IMG_7008\"\n\t\t\t\t\tsrc=\"https:\/\/www.pavelsuba.cz\/wp-content\/gallery\/macro-flora\/thumbs\/thumbs_IMG_7008.jpg\"\n\t\t\t\t\twidth=\"240\"\n\t\t\t\t\theight=\"160\"\n\t\t\t\t\tstyle=\"max-width:100%;\"\n\t\t\t\t\/>\n\t\t\t<\/a>\n\t\t<\/div>\n\t\t\t\t\t\t\t<\/div> \n\t\t\t\n\t\t\t\t<div id=\"ngg-image-17\" class=\"ngg-gallery-thumbnail-box \n\t\t\t\t\t\t\t\tngg-3-columns\t\t\t\" \n\t\t\t>\n\t\t\t\t\t\t<div class=\"ngg-gallery-thumbnail\">\n\t\t\t<a href=\"https:\/\/www.pavelsuba.cz\/wp-content\/gallery\/macro-flora\/IMG_8067.jpg\"\n\t\t\t\ttitle=\"\"\n\t\t\t\tdata-src=\"https:\/\/www.pavelsuba.cz\/wp-content\/gallery\/macro-flora\/IMG_8067.jpg\"\n\t\t\t\tdata-thumbnail=\"https:\/\/www.pavelsuba.cz\/wp-content\/gallery\/macro-flora\/thumbs\/thumbs_IMG_8067.jpg\"\n\t\t\t\tdata-image-id=\"216\"\n\t\t\t\tdata-title=\"IMG_8067\"\n\t\t\t\tdata-description=\"\"\n\t\t\t\tdata-image-slug=\"img_8067\"\n\t\t\t\tclass=\"ngg-simplelightbox\" rel=\"3f9e40a7d18ca905e50e2026bbd902ed\">\n\t\t\t\t<img\n\t\t\t\t\ttitle=\"IMG_8067\"\n\t\t\t\t\talt=\"IMG_8067\"\n\t\t\t\t\tsrc=\"https:\/\/www.pavelsuba.cz\/wp-content\/gallery\/macro-flora\/thumbs\/thumbs_IMG_8067.jpg\"\n\t\t\t\t\twidth=\"240\"\n\t\t\t\t\theight=\"160\"\n\t\t\t\t\tstyle=\"max-width:100%;\"\n\t\t\t\t\/>\n\t\t\t<\/a>\n\t\t<\/div>\n\t\t\t\t\t\t\t<\/div> \n\t\t\t\n\t\t\t\t<div id=\"ngg-image-18\" class=\"ngg-gallery-thumbnail-box \n\t\t\t\t\t\t\t\tngg-3-columns\t\t\t\" \n\t\t\t>\n\t\t\t\t\t\t<div class=\"ngg-gallery-thumbnail\">\n\t\t\t<a href=\"https:\/\/www.pavelsuba.cz\/wp-content\/gallery\/macro-flora\/IMG_7907.jpg\"\n\t\t\t\ttitle=\"\"\n\t\t\t\tdata-src=\"https:\/\/www.pavelsuba.cz\/wp-content\/gallery\/macro-flora\/IMG_7907.jpg\"\n\t\t\t\tdata-thumbnail=\"https:\/\/www.pavelsuba.cz\/wp-content\/gallery\/macro-flora\/thumbs\/thumbs_IMG_7907.jpg\"\n\t\t\t\tdata-image-id=\"318\"\n\t\t\t\tdata-title=\"IMG_7907\"\n\t\t\t\tdata-description=\"\"\n\t\t\t\tdata-image-slug=\"img_7907\"\n\t\t\t\tclass=\"ngg-simplelightbox\" rel=\"3f9e40a7d18ca905e50e2026bbd902ed\">\n\t\t\t\t<img\n\t\t\t\t\ttitle=\"IMG_7907\"\n\t\t\t\t\talt=\"IMG_7907\"\n\t\t\t\t\tsrc=\"https:\/\/www.pavelsuba.cz\/wp-content\/gallery\/macro-flora\/thumbs\/thumbs_IMG_7907.jpg\"\n\t\t\t\t\twidth=\"240\"\n\t\t\t\t\theight=\"160\"\n\t\t\t\t\tstyle=\"max-width:100%;\"\n\t\t\t\t\/>\n\t\t\t<\/a>\n\t\t<\/div>\n\t\t\t\t\t\t\t<\/div> \n\t\t\t\n\t\t\t\t<div id=\"ngg-image-19\" class=\"ngg-gallery-thumbnail-box \n\t\t\t\t\t\t\t\tngg-3-columns\t\t\t\" \n\t\t\t>\n\t\t\t\t\t\t<div class=\"ngg-gallery-thumbnail\">\n\t\t\t<a href=\"https:\/\/www.pavelsuba.cz\/wp-content\/gallery\/macro-flora\/IMG_0084.jpg\"\n\t\t\t\ttitle=\"\"\n\t\t\t\tdata-src=\"https:\/\/www.pavelsuba.cz\/wp-content\/gallery\/macro-flora\/IMG_0084.jpg\"\n\t\t\t\tdata-thumbnail=\"https:\/\/www.pavelsuba.cz\/wp-content\/gallery\/macro-flora\/thumbs\/thumbs_IMG_0084.jpg\"\n\t\t\t\tdata-image-id=\"203\"\n\t\t\t\tdata-title=\"IMG_0084\"\n\t\t\t\tdata-description=\"\"\n\t\t\t\tdata-image-slug=\"img_0084\"\n\t\t\t\tclass=\"ngg-simplelightbox\" rel=\"3f9e40a7d18ca905e50e2026bbd902ed\">\n\t\t\t\t<img\n\t\t\t\t\ttitle=\"IMG_0084\"\n\t\t\t\t\talt=\"IMG_0084\"\n\t\t\t\t\tsrc=\"https:\/\/www.pavelsuba.cz\/wp-content\/gallery\/macro-flora\/thumbs\/thumbs_IMG_0084.jpg\"\n\t\t\t\t\twidth=\"240\"\n\t\t\t\t\theight=\"160\"\n\t\t\t\t\tstyle=\"max-width:100%;\"\n\t\t\t\t\/>\n\t\t\t<\/a>\n\t\t<\/div>\n\t\t\t\t\t\t\t<\/div> \n\t\t\t\n\t\t\t\t<div id=\"ngg-image-20\" class=\"ngg-gallery-thumbnail-box \n\t\t\t\t\t\t\t\tngg-3-columns\t\t\t\" \n\t\t\t>\n\t\t\t\t\t\t<div class=\"ngg-gallery-thumbnail\">\n\t\t\t<a href=\"https:\/\/www.pavelsuba.cz\/wp-content\/gallery\/macro-flora\/IMG_8413.jpg\"\n\t\t\t\ttitle=\"\"\n\t\t\t\tdata-src=\"https:\/\/www.pavelsuba.cz\/wp-content\/gallery\/macro-flora\/IMG_8413.jpg\"\n\t\t\t\tdata-thumbnail=\"https:\/\/www.pavelsuba.cz\/wp-content\/gallery\/macro-flora\/thumbs\/thumbs_IMG_8413.jpg\"\n\t\t\t\tdata-image-id=\"321\"\n\t\t\t\tdata-title=\"IMG_8413\"\n\t\t\t\tdata-description=\"\"\n\t\t\t\tdata-image-slug=\"img_8413\"\n\t\t\t\tclass=\"ngg-simplelightbox\" rel=\"3f9e40a7d18ca905e50e2026bbd902ed\">\n\t\t\t\t<img\n\t\t\t\t\ttitle=\"IMG_8413\"\n\t\t\t\t\talt=\"IMG_8413\"\n\t\t\t\t\tsrc=\"https:\/\/www.pavelsuba.cz\/wp-content\/gallery\/macro-flora\/thumbs\/thumbs_IMG_8413.jpg\"\n\t\t\t\t\twidth=\"240\"\n\t\t\t\t\theight=\"160\"\n\t\t\t\t\tstyle=\"max-width:100%;\"\n\t\t\t\t\/>\n\t\t\t<\/a>\n\t\t<\/div>\n\t\t\t\t\t\t\t<\/div> \n\t\t\t\n\t\n\t<br style=\"clear: both\" \/>\n\n\t\n\t\t<!-- Pagination -->\n\t\t<div class='ngg-clear'><\/div>\t<\/div>\n\n","protected":false},"excerpt":{"rendered":"<p>Makro: Pro m\u011b pom\u011brn\u011b nov\u00e1 odborn\u00e1 oblast. Zam\u011b\u0159uji se p\u0159edev\u0161\u00edm na kv\u011btiny, zejm\u00e9na na orchideje a r\u016fzn\u00e9 druhy hmyzu. Mikrokosmos t\u011bchto mal\u00fdch sv\u011bt\u016f je vzru\u0161uj\u00edc\u00ed a velmi fascinuj\u00edc\u00ed. Ve sv\u00fdch fotografi\u00edch se sna\u017e\u00edm sd\u00edlet s div\u00e1kem z\u00e1zrak a radost, kterou za\u017e\u00edv\u00e1m p\u0159i sledov\u00e1n\u00ed konkr\u00e9tn\u00edho p\u0159edm\u011btu, a\u0165 u\u017e se jedn\u00e1 o barevn\u00fd hmyz nebo elegantn\u00ed kv\u011bt &hellip; <\/p>\n<p class=\"link-more\"><a href=\"https:\/\/www.pavelsuba.cz\/?page_id=656\" class=\"more-link\">Continue reading<span class=\"screen-reader-text\"> &#8220;Makro-flora&#8221;<\/span><\/a><\/p>\n","protected":false},"author":1,"featured_media":0,"parent":0,"menu_order":0,"comment_status":"closed","ping_status":"closed","template":"","meta":{"ngg_post_thumbnail":0,"footnotes":""},"_links":{"self":[{"href":"https:\/\/www.pavelsuba.cz\/index.php?rest_route=\/wp\/v2\/pages\/656"}],"collection":[{"href":"https:\/\/www.pavelsuba.cz\/index.php?rest_route=\/wp\/v2\/pages"}],"about":[{"href":"https:\/\/www.pavelsuba.cz\/index.php?rest_route=\/wp\/v2\/types\/page"}],"author":[{"embeddable":true,"href":"https:\/\/www.pavelsuba.cz\/index.php?rest_route=\/wp\/v2\/users\/1"}],"replies":[{"embeddable":true,"href":"https:\/\/www.pavelsuba.cz\/index.php?rest_route=%2Fwp%2Fv2%2Fcomments&post=656"}],"version-history":[{"count":13,"href":"https:\/\/www.pavelsuba.cz\/index.php?rest_route=\/wp\/v2\/pages\/656\/revisions"}],"predecessor-version":[{"id":1598,"href":"https:\/\/www.pavelsuba.cz\/index.php?rest_route=\/wp\/v2\/pages\/656\/revisions\/1598"}],"wp:attachment":[{"href":"https:\/\/www.pavelsuba.cz\/index.php?rest_route=%2Fwp%2Fv2%2Fmedia&parent=656"}],"curies":[{"name":"wp","href":"https:\/\/api.w.org\/{rel}","templated":true}]}}