{"id":598,"date":"2020-07-17T08:39:36","date_gmt":"2020-07-17T08:39:36","guid":{"rendered":"http:\/\/www.pavelsuba.cz\/?page_id=598"},"modified":"2024-01-26T18:42:59","modified_gmt":"2024-01-26T18:42:59","slug":"deti","status":"publish","type":"page","link":"https:\/\/www.pavelsuba.cz\/?page_id=598","title":{"rendered":"D\u011bti"},"content":{"rendered":"\n<p>\u00a0\u00a0 \u00a0\u00a0 \u00a0 \u00a0\u00a0 \u00a0<a href=\"http:\/\/www.pavelsuba.cz\/?page_id=598\">D\u011bti<\/a>\u00a0 \u00a0 \u00a0\u00a0 \u00a0 \u00a0\u00a0 \u00a0 \u00a0 \u00a0\u00a0  \u00a0\u00a0 \u00a0 \u00a0<a href=\"http:\/\/www.pavelsuba.cz\/?page_id=621\">Portr\u00e9ty<\/a>\u00a0 \u00a0\u00a0\u00a0 \u00a0 \u00a0 \u00a0\u00a0  \u00a0 \u00a0\u00a0 \u00a0\u00a0 \u00a0\u00a0 \u00a0 \u00a0<a href=\"http:\/\/www.pavelsuba.cz\/?page_id=656\">Makro<\/a>\u00a0 \u00a0\u00a0\u00a0 \u00a0 \u00a0 \u00a0\u00a0  \u00a0\u00a0  \u00a0\u00a0\u00a0 \u00a0 \u00a0<a href=\"http:\/\/www.pavelsuba.cz\/?page_id=683\">Dokumenty<\/a>\u00a0 \u00a0 \u00a0\u00a0  \u00a0\u00a0  \u00a0\u00a0\u00a0 \u00a0 \u00a0<a href=\"https:\/\/www.pavelsuba.cz\/?page_id=1470\">Architektura<\/a><\/p>\n\n\n\n<p><strong>D\u011bti <\/strong>fot\u00edm velmi r\u00e1d z r\u016fzn\u00fdch d\u016fvod\u016f. D\u011btstv\u00ed je v\u011bkem nevinnosti a z\u00e1zraku a sna\u017e\u00edm se co nejv\u00edce zachytit tyto aspekty v m\u00fdch obrazech. Bav\u00ed m\u011b, jak form\u00e1ln\u011bj\u0161\u00ed portr\u00e9ty d\u011bt\u00ed i focen\u00ed, kdy\u017e se bav\u00ed a hraj\u00ed. A\u0165 u\u017e chcete fotografie radostn\u00fdch okam\u017eik\u016f z narozenin, na chat\u011b nebo n\u011bco form\u00e1ln\u011bj\u0161\u00edho, m\u016f\u017eeme se spole\u010dn\u011b dohodnout o bal\u00ed\u010dku, kter\u00fd nejl\u00e9pe vyhovuje Va\u0161im pot\u0159eb\u00e1m.<\/p>\n\n\n\n<!-- default-view.php -->\n<div\n\tclass=\"ngg-galleryoverview default-view \n\t\t\"\n\tid=\"ngg-gallery-a72a39f85d71df2a5fdf74c49d7ed094-1\">\n\n\t\t<!-- Thumbnails -->\n\t\t\t\t<div id=\"ngg-image-0\" class=\"ngg-gallery-thumbnail-box \n\t\t\t\t\t\t\t\tngg-3-columns\t\t\t\" \n\t\t\t>\n\t\t\t\t\t\t<div class=\"ngg-gallery-thumbnail\">\n\t\t\t<a href=\"https:\/\/www.pavelsuba.cz\/wp-content\/gallery\/children\/IMG_6898b.jpg\"\n\t\t\t\ttitle=\"\"\n\t\t\t\tdata-src=\"https:\/\/www.pavelsuba.cz\/wp-content\/gallery\/children\/IMG_6898b.jpg\"\n\t\t\t\tdata-thumbnail=\"https:\/\/www.pavelsuba.cz\/wp-content\/gallery\/children\/thumbs\/thumbs_IMG_6898b.jpg\"\n\t\t\t\tdata-image-id=\"341\"\n\t\t\t\tdata-title=\"IMG_6898b\"\n\t\t\t\tdata-description=\"\"\n\t\t\t\tdata-image-slug=\"img_6898b\"\n\t\t\t\tclass=\"ngg-simplelightbox\" rel=\"a72a39f85d71df2a5fdf74c49d7ed094\">\n\t\t\t\t<img\n\t\t\t\t\ttitle=\"IMG_6898b\"\n\t\t\t\t\talt=\"IMG_6898b\"\n\t\t\t\t\tsrc=\"https:\/\/www.pavelsuba.cz\/wp-content\/gallery\/children\/thumbs\/thumbs_IMG_6898b.jpg\"\n\t\t\t\t\twidth=\"240\"\n\t\t\t\t\theight=\"160\"\n\t\t\t\t\tstyle=\"max-width:100%;\"\n\t\t\t\t\/>\n\t\t\t<\/a>\n\t\t<\/div>\n\t\t\t\t\t\t\t<\/div> \n\t\t\t\n\t\t\t\t<div id=\"ngg-image-1\" class=\"ngg-gallery-thumbnail-box \n\t\t\t\t\t\t\t\tngg-3-columns\t\t\t\" \n\t\t\t>\n\t\t\t\t\t\t<div class=\"ngg-gallery-thumbnail\">\n\t\t\t<a href=\"https:\/\/www.pavelsuba.cz\/wp-content\/gallery\/children\/IMG_3617BB-scaled.jpg\"\n\t\t\t\ttitle=\"\"\n\t\t\t\tdata-src=\"https:\/\/www.pavelsuba.cz\/wp-content\/gallery\/children\/IMG_3617BB-scaled.jpg\"\n\t\t\t\tdata-thumbnail=\"https:\/\/www.pavelsuba.cz\/wp-content\/gallery\/children\/thumbs\/thumbs_IMG_3617BB-scaled.jpg\"\n\t\t\t\tdata-image-id=\"34\"\n\t\t\t\tdata-title=\"IMG_3617BB-scaled\"\n\t\t\t\tdata-description=\"\"\n\t\t\t\tdata-image-slug=\"img_3617bb-scaled\"\n\t\t\t\tclass=\"ngg-simplelightbox\" rel=\"a72a39f85d71df2a5fdf74c49d7ed094\">\n\t\t\t\t<img\n\t\t\t\t\ttitle=\"IMG_3617BB-scaled\"\n\t\t\t\t\talt=\"IMG_3617BB-scaled\"\n\t\t\t\t\tsrc=\"https:\/\/www.pavelsuba.cz\/wp-content\/gallery\/children\/thumbs\/thumbs_IMG_3617BB-scaled.jpg\"\n\t\t\t\t\twidth=\"240\"\n\t\t\t\t\theight=\"160\"\n\t\t\t\t\tstyle=\"max-width:100%;\"\n\t\t\t\t\/>\n\t\t\t<\/a>\n\t\t<\/div>\n\t\t\t\t\t\t\t<\/div> \n\t\t\t\n\t\t\t\t<div id=\"ngg-image-2\" class=\"ngg-gallery-thumbnail-box \n\t\t\t\t\t\t\t\tngg-3-columns\t\t\t\" \n\t\t\t>\n\t\t\t\t\t\t<div class=\"ngg-gallery-thumbnail\">\n\t\t\t<a href=\"https:\/\/www.pavelsuba.cz\/wp-content\/gallery\/children\/109B-scaled.jpg\"\n\t\t\t\ttitle=\"\"\n\t\t\t\tdata-src=\"https:\/\/www.pavelsuba.cz\/wp-content\/gallery\/children\/109B-scaled.jpg\"\n\t\t\t\tdata-thumbnail=\"https:\/\/www.pavelsuba.cz\/wp-content\/gallery\/children\/thumbs\/thumbs_109B-scaled.jpg\"\n\t\t\t\tdata-image-id=\"28\"\n\t\t\t\tdata-title=\"109B-scaled\"\n\t\t\t\tdata-description=\"\"\n\t\t\t\tdata-image-slug=\"109b-scaled\"\n\t\t\t\tclass=\"ngg-simplelightbox\" rel=\"a72a39f85d71df2a5fdf74c49d7ed094\">\n\t\t\t\t<img\n\t\t\t\t\ttitle=\"109B-scaled\"\n\t\t\t\t\talt=\"109B-scaled\"\n\t\t\t\t\tsrc=\"https:\/\/www.pavelsuba.cz\/wp-content\/gallery\/children\/thumbs\/thumbs_109B-scaled.jpg\"\n\t\t\t\t\twidth=\"240\"\n\t\t\t\t\theight=\"160\"\n\t\t\t\t\tstyle=\"max-width:100%;\"\n\t\t\t\t\/>\n\t\t\t<\/a>\n\t\t<\/div>\n\t\t\t\t\t\t\t<\/div> \n\t\t\t\n\t\t\t\t<div id=\"ngg-image-3\" class=\"ngg-gallery-thumbnail-box \n\t\t\t\t\t\t\t\tngg-3-columns\t\t\t\" \n\t\t\t>\n\t\t\t\t\t\t<div class=\"ngg-gallery-thumbnail\">\n\t\t\t<a href=\"https:\/\/www.pavelsuba.cz\/wp-content\/gallery\/children\/099B-scaled.jpg\"\n\t\t\t\ttitle=\"\"\n\t\t\t\tdata-src=\"https:\/\/www.pavelsuba.cz\/wp-content\/gallery\/children\/099B-scaled.jpg\"\n\t\t\t\tdata-thumbnail=\"https:\/\/www.pavelsuba.cz\/wp-content\/gallery\/children\/thumbs\/thumbs_099B-scaled.jpg\"\n\t\t\t\tdata-image-id=\"27\"\n\t\t\t\tdata-title=\"099B-scaled\"\n\t\t\t\tdata-description=\"\"\n\t\t\t\tdata-image-slug=\"099b-scaled\"\n\t\t\t\tclass=\"ngg-simplelightbox\" rel=\"a72a39f85d71df2a5fdf74c49d7ed094\">\n\t\t\t\t<img\n\t\t\t\t\ttitle=\"099B-scaled\"\n\t\t\t\t\talt=\"099B-scaled\"\n\t\t\t\t\tsrc=\"https:\/\/www.pavelsuba.cz\/wp-content\/gallery\/children\/thumbs\/thumbs_099B-scaled.jpg\"\n\t\t\t\t\twidth=\"240\"\n\t\t\t\t\theight=\"160\"\n\t\t\t\t\tstyle=\"max-width:100%;\"\n\t\t\t\t\/>\n\t\t\t<\/a>\n\t\t<\/div>\n\t\t\t\t\t\t\t<\/div> \n\t\t\t\n\t\t\t\t<div id=\"ngg-image-4\" class=\"ngg-gallery-thumbnail-box \n\t\t\t\t\t\t\t\tngg-3-columns\t\t\t\" \n\t\t\t>\n\t\t\t\t\t\t<div class=\"ngg-gallery-thumbnail\">\n\t\t\t<a href=\"https:\/\/www.pavelsuba.cz\/wp-content\/gallery\/children\/112B-scaled.jpg\"\n\t\t\t\ttitle=\"\"\n\t\t\t\tdata-src=\"https:\/\/www.pavelsuba.cz\/wp-content\/gallery\/children\/112B-scaled.jpg\"\n\t\t\t\tdata-thumbnail=\"https:\/\/www.pavelsuba.cz\/wp-content\/gallery\/children\/thumbs\/thumbs_112B-scaled.jpg\"\n\t\t\t\tdata-image-id=\"29\"\n\t\t\t\tdata-title=\"112B-scaled\"\n\t\t\t\tdata-description=\"\"\n\t\t\t\tdata-image-slug=\"112b-scaled\"\n\t\t\t\tclass=\"ngg-simplelightbox\" rel=\"a72a39f85d71df2a5fdf74c49d7ed094\">\n\t\t\t\t<img\n\t\t\t\t\ttitle=\"112B-scaled\"\n\t\t\t\t\talt=\"112B-scaled\"\n\t\t\t\t\tsrc=\"https:\/\/www.pavelsuba.cz\/wp-content\/gallery\/children\/thumbs\/thumbs_112B-scaled.jpg\"\n\t\t\t\t\twidth=\"240\"\n\t\t\t\t\theight=\"160\"\n\t\t\t\t\tstyle=\"max-width:100%;\"\n\t\t\t\t\/>\n\t\t\t<\/a>\n\t\t<\/div>\n\t\t\t\t\t\t\t<\/div> \n\t\t\t\n\t\t\t\t<div id=\"ngg-image-5\" class=\"ngg-gallery-thumbnail-box \n\t\t\t\t\t\t\t\tngg-3-columns\t\t\t\" \n\t\t\t>\n\t\t\t\t\t\t<div class=\"ngg-gallery-thumbnail\">\n\t\t\t<a href=\"https:\/\/www.pavelsuba.cz\/wp-content\/gallery\/children\/067BB-scaled.jpg\"\n\t\t\t\ttitle=\"\"\n\t\t\t\tdata-src=\"https:\/\/www.pavelsuba.cz\/wp-content\/gallery\/children\/067BB-scaled.jpg\"\n\t\t\t\tdata-thumbnail=\"https:\/\/www.pavelsuba.cz\/wp-content\/gallery\/children\/thumbs\/thumbs_067BB-scaled.jpg\"\n\t\t\t\tdata-image-id=\"23\"\n\t\t\t\tdata-title=\"067BB-scaled\"\n\t\t\t\tdata-description=\"\"\n\t\t\t\tdata-image-slug=\"067bb-scaled\"\n\t\t\t\tclass=\"ngg-simplelightbox\" rel=\"a72a39f85d71df2a5fdf74c49d7ed094\">\n\t\t\t\t<img\n\t\t\t\t\ttitle=\"067BB-scaled\"\n\t\t\t\t\talt=\"067BB-scaled\"\n\t\t\t\t\tsrc=\"https:\/\/www.pavelsuba.cz\/wp-content\/gallery\/children\/thumbs\/thumbs_067BB-scaled.jpg\"\n\t\t\t\t\twidth=\"240\"\n\t\t\t\t\theight=\"160\"\n\t\t\t\t\tstyle=\"max-width:100%;\"\n\t\t\t\t\/>\n\t\t\t<\/a>\n\t\t<\/div>\n\t\t\t\t\t\t\t<\/div> \n\t\t\t\n\t\t\t\t<div id=\"ngg-image-6\" class=\"ngg-gallery-thumbnail-box \n\t\t\t\t\t\t\t\tngg-3-columns\t\t\t\" \n\t\t\t>\n\t\t\t\t\t\t<div class=\"ngg-gallery-thumbnail\">\n\t\t\t<a href=\"https:\/\/www.pavelsuba.cz\/wp-content\/gallery\/children\/030Bb-scaled.jpg\"\n\t\t\t\ttitle=\"\"\n\t\t\t\tdata-src=\"https:\/\/www.pavelsuba.cz\/wp-content\/gallery\/children\/030Bb-scaled.jpg\"\n\t\t\t\tdata-thumbnail=\"https:\/\/www.pavelsuba.cz\/wp-content\/gallery\/children\/thumbs\/thumbs_030Bb-scaled.jpg\"\n\t\t\t\tdata-image-id=\"21\"\n\t\t\t\tdata-title=\"030Bb-scaled\"\n\t\t\t\tdata-description=\"\"\n\t\t\t\tdata-image-slug=\"030bb-scaled\"\n\t\t\t\tclass=\"ngg-simplelightbox\" rel=\"a72a39f85d71df2a5fdf74c49d7ed094\">\n\t\t\t\t<img\n\t\t\t\t\ttitle=\"030Bb-scaled\"\n\t\t\t\t\talt=\"030Bb-scaled\"\n\t\t\t\t\tsrc=\"https:\/\/www.pavelsuba.cz\/wp-content\/gallery\/children\/thumbs\/thumbs_030Bb-scaled.jpg\"\n\t\t\t\t\twidth=\"240\"\n\t\t\t\t\theight=\"160\"\n\t\t\t\t\tstyle=\"max-width:100%;\"\n\t\t\t\t\/>\n\t\t\t<\/a>\n\t\t<\/div>\n\t\t\t\t\t\t\t<\/div> \n\t\t\t\n\t\t\t\t<div id=\"ngg-image-7\" class=\"ngg-gallery-thumbnail-box \n\t\t\t\t\t\t\t\tngg-3-columns\t\t\t\" \n\t\t\t>\n\t\t\t\t\t\t<div class=\"ngg-gallery-thumbnail\">\n\t\t\t<a href=\"https:\/\/www.pavelsuba.cz\/wp-content\/gallery\/children\/075BB-scaled.jpg\"\n\t\t\t\ttitle=\"\"\n\t\t\t\tdata-src=\"https:\/\/www.pavelsuba.cz\/wp-content\/gallery\/children\/075BB-scaled.jpg\"\n\t\t\t\tdata-thumbnail=\"https:\/\/www.pavelsuba.cz\/wp-content\/gallery\/children\/thumbs\/thumbs_075BB-scaled.jpg\"\n\t\t\t\tdata-image-id=\"24\"\n\t\t\t\tdata-title=\"075BB-scaled\"\n\t\t\t\tdata-description=\"\"\n\t\t\t\tdata-image-slug=\"075bb-scaled\"\n\t\t\t\tclass=\"ngg-simplelightbox\" rel=\"a72a39f85d71df2a5fdf74c49d7ed094\">\n\t\t\t\t<img\n\t\t\t\t\ttitle=\"075BB-scaled\"\n\t\t\t\t\talt=\"075BB-scaled\"\n\t\t\t\t\tsrc=\"https:\/\/www.pavelsuba.cz\/wp-content\/gallery\/children\/thumbs\/thumbs_075BB-scaled.jpg\"\n\t\t\t\t\twidth=\"240\"\n\t\t\t\t\theight=\"160\"\n\t\t\t\t\tstyle=\"max-width:100%;\"\n\t\t\t\t\/>\n\t\t\t<\/a>\n\t\t<\/div>\n\t\t\t\t\t\t\t<\/div> \n\t\t\t\n\t\t\t\t<div id=\"ngg-image-8\" class=\"ngg-gallery-thumbnail-box \n\t\t\t\t\t\t\t\tngg-3-columns\t\t\t\" \n\t\t\t>\n\t\t\t\t\t\t<div class=\"ngg-gallery-thumbnail\">\n\t\t\t<a href=\"https:\/\/www.pavelsuba.cz\/wp-content\/gallery\/children\/098Bb-scaled.jpg\"\n\t\t\t\ttitle=\"\"\n\t\t\t\tdata-src=\"https:\/\/www.pavelsuba.cz\/wp-content\/gallery\/children\/098Bb-scaled.jpg\"\n\t\t\t\tdata-thumbnail=\"https:\/\/www.pavelsuba.cz\/wp-content\/gallery\/children\/thumbs\/thumbs_098Bb-scaled.jpg\"\n\t\t\t\tdata-image-id=\"26\"\n\t\t\t\tdata-title=\"098Bb-scaled\"\n\t\t\t\tdata-description=\"\"\n\t\t\t\tdata-image-slug=\"098bb-scaled\"\n\t\t\t\tclass=\"ngg-simplelightbox\" rel=\"a72a39f85d71df2a5fdf74c49d7ed094\">\n\t\t\t\t<img\n\t\t\t\t\ttitle=\"098Bb-scaled\"\n\t\t\t\t\talt=\"098Bb-scaled\"\n\t\t\t\t\tsrc=\"https:\/\/www.pavelsuba.cz\/wp-content\/gallery\/children\/thumbs\/thumbs_098Bb-scaled.jpg\"\n\t\t\t\t\twidth=\"240\"\n\t\t\t\t\theight=\"160\"\n\t\t\t\t\tstyle=\"max-width:100%;\"\n\t\t\t\t\/>\n\t\t\t<\/a>\n\t\t<\/div>\n\t\t\t\t\t\t\t<\/div> \n\t\t\t\n\t\t\t\t<div id=\"ngg-image-9\" class=\"ngg-gallery-thumbnail-box \n\t\t\t\t\t\t\t\tngg-3-columns\t\t\t\" \n\t\t\t>\n\t\t\t\t\t\t<div class=\"ngg-gallery-thumbnail\">\n\t\t\t<a href=\"https:\/\/www.pavelsuba.cz\/wp-content\/gallery\/children\/066B-scaled.jpg\"\n\t\t\t\ttitle=\"\"\n\t\t\t\tdata-src=\"https:\/\/www.pavelsuba.cz\/wp-content\/gallery\/children\/066B-scaled.jpg\"\n\t\t\t\tdata-thumbnail=\"https:\/\/www.pavelsuba.cz\/wp-content\/gallery\/children\/thumbs\/thumbs_066B-scaled.jpg\"\n\t\t\t\tdata-image-id=\"22\"\n\t\t\t\tdata-title=\"066B-scaled\"\n\t\t\t\tdata-description=\"\"\n\t\t\t\tdata-image-slug=\"066b-scaled\"\n\t\t\t\tclass=\"ngg-simplelightbox\" rel=\"a72a39f85d71df2a5fdf74c49d7ed094\">\n\t\t\t\t<img\n\t\t\t\t\ttitle=\"066B-scaled\"\n\t\t\t\t\talt=\"066B-scaled\"\n\t\t\t\t\tsrc=\"https:\/\/www.pavelsuba.cz\/wp-content\/gallery\/children\/thumbs\/thumbs_066B-scaled.jpg\"\n\t\t\t\t\twidth=\"240\"\n\t\t\t\t\theight=\"160\"\n\t\t\t\t\tstyle=\"max-width:100%;\"\n\t\t\t\t\/>\n\t\t\t<\/a>\n\t\t<\/div>\n\t\t\t\t\t\t\t<\/div> \n\t\t\t\n\t\t\t\t<div id=\"ngg-image-10\" class=\"ngg-gallery-thumbnail-box \n\t\t\t\t\t\t\t\tngg-3-columns\t\t\t\" \n\t\t\t>\n\t\t\t\t\t\t<div class=\"ngg-gallery-thumbnail\">\n\t\t\t<a href=\"https:\/\/www.pavelsuba.cz\/wp-content\/gallery\/children\/131Bb-scaled.jpg\"\n\t\t\t\ttitle=\"\"\n\t\t\t\tdata-src=\"https:\/\/www.pavelsuba.cz\/wp-content\/gallery\/children\/131Bb-scaled.jpg\"\n\t\t\t\tdata-thumbnail=\"https:\/\/www.pavelsuba.cz\/wp-content\/gallery\/children\/thumbs\/thumbs_131Bb-scaled.jpg\"\n\t\t\t\tdata-image-id=\"30\"\n\t\t\t\tdata-title=\"131Bb-scaled\"\n\t\t\t\tdata-description=\"\"\n\t\t\t\tdata-image-slug=\"131bb-scaled\"\n\t\t\t\tclass=\"ngg-simplelightbox\" rel=\"a72a39f85d71df2a5fdf74c49d7ed094\">\n\t\t\t\t<img\n\t\t\t\t\ttitle=\"131Bb-scaled\"\n\t\t\t\t\talt=\"131Bb-scaled\"\n\t\t\t\t\tsrc=\"https:\/\/www.pavelsuba.cz\/wp-content\/gallery\/children\/thumbs\/thumbs_131Bb-scaled.jpg\"\n\t\t\t\t\twidth=\"240\"\n\t\t\t\t\theight=\"160\"\n\t\t\t\t\tstyle=\"max-width:100%;\"\n\t\t\t\t\/>\n\t\t\t<\/a>\n\t\t<\/div>\n\t\t\t\t\t\t\t<\/div> \n\t\t\t\n\t\t\t\t<div id=\"ngg-image-11\" class=\"ngg-gallery-thumbnail-box \n\t\t\t\t\t\t\t\tngg-3-columns\t\t\t\" \n\t\t\t>\n\t\t\t\t\t\t<div class=\"ngg-gallery-thumbnail\">\n\t\t\t<a href=\"https:\/\/www.pavelsuba.cz\/wp-content\/gallery\/children\/138B-scaled.jpg\"\n\t\t\t\ttitle=\"\"\n\t\t\t\tdata-src=\"https:\/\/www.pavelsuba.cz\/wp-content\/gallery\/children\/138B-scaled.jpg\"\n\t\t\t\tdata-thumbnail=\"https:\/\/www.pavelsuba.cz\/wp-content\/gallery\/children\/thumbs\/thumbs_138B-scaled.jpg\"\n\t\t\t\tdata-image-id=\"31\"\n\t\t\t\tdata-title=\"138B-scaled\"\n\t\t\t\tdata-description=\"\"\n\t\t\t\tdata-image-slug=\"138b-scaled\"\n\t\t\t\tclass=\"ngg-simplelightbox\" rel=\"a72a39f85d71df2a5fdf74c49d7ed094\">\n\t\t\t\t<img\n\t\t\t\t\ttitle=\"138B-scaled\"\n\t\t\t\t\talt=\"138B-scaled\"\n\t\t\t\t\tsrc=\"https:\/\/www.pavelsuba.cz\/wp-content\/gallery\/children\/thumbs\/thumbs_138B-scaled.jpg\"\n\t\t\t\t\twidth=\"240\"\n\t\t\t\t\theight=\"160\"\n\t\t\t\t\tstyle=\"max-width:100%;\"\n\t\t\t\t\/>\n\t\t\t<\/a>\n\t\t<\/div>\n\t\t\t\t\t\t\t<\/div> \n\t\t\t\n\t\t\t\t<div id=\"ngg-image-12\" class=\"ngg-gallery-thumbnail-box \n\t\t\t\t\t\t\t\tngg-3-columns\t\t\t\" \n\t\t\t>\n\t\t\t\t\t\t<div class=\"ngg-gallery-thumbnail\">\n\t\t\t<a href=\"https:\/\/www.pavelsuba.cz\/wp-content\/gallery\/children\/IMG_3618B-scaled.jpg\"\n\t\t\t\ttitle=\"\"\n\t\t\t\tdata-src=\"https:\/\/www.pavelsuba.cz\/wp-content\/gallery\/children\/IMG_3618B-scaled.jpg\"\n\t\t\t\tdata-thumbnail=\"https:\/\/www.pavelsuba.cz\/wp-content\/gallery\/children\/thumbs\/thumbs_IMG_3618B-scaled.jpg\"\n\t\t\t\tdata-image-id=\"35\"\n\t\t\t\tdata-title=\"IMG_3618B-scaled\"\n\t\t\t\tdata-description=\"\"\n\t\t\t\tdata-image-slug=\"img_3618b-scaled\"\n\t\t\t\tclass=\"ngg-simplelightbox\" rel=\"a72a39f85d71df2a5fdf74c49d7ed094\">\n\t\t\t\t<img\n\t\t\t\t\ttitle=\"IMG_3618B-scaled\"\n\t\t\t\t\talt=\"IMG_3618B-scaled\"\n\t\t\t\t\tsrc=\"https:\/\/www.pavelsuba.cz\/wp-content\/gallery\/children\/thumbs\/thumbs_IMG_3618B-scaled.jpg\"\n\t\t\t\t\twidth=\"240\"\n\t\t\t\t\theight=\"160\"\n\t\t\t\t\tstyle=\"max-width:100%;\"\n\t\t\t\t\/>\n\t\t\t<\/a>\n\t\t<\/div>\n\t\t\t\t\t\t\t<\/div> \n\t\t\t\n\t\t\t\t<div id=\"ngg-image-13\" class=\"ngg-gallery-thumbnail-box \n\t\t\t\t\t\t\t\tngg-3-columns\t\t\t\" \n\t\t\t>\n\t\t\t\t\t\t<div class=\"ngg-gallery-thumbnail\">\n\t\t\t<a href=\"https:\/\/www.pavelsuba.cz\/wp-content\/gallery\/children\/IMG_3628B-scaled.jpg\"\n\t\t\t\ttitle=\"\"\n\t\t\t\tdata-src=\"https:\/\/www.pavelsuba.cz\/wp-content\/gallery\/children\/IMG_3628B-scaled.jpg\"\n\t\t\t\tdata-thumbnail=\"https:\/\/www.pavelsuba.cz\/wp-content\/gallery\/children\/thumbs\/thumbs_IMG_3628B-scaled.jpg\"\n\t\t\t\tdata-image-id=\"36\"\n\t\t\t\tdata-title=\"IMG_3628B-scaled\"\n\t\t\t\tdata-description=\"\"\n\t\t\t\tdata-image-slug=\"img_3628b-scaled\"\n\t\t\t\tclass=\"ngg-simplelightbox\" rel=\"a72a39f85d71df2a5fdf74c49d7ed094\">\n\t\t\t\t<img\n\t\t\t\t\ttitle=\"IMG_3628B-scaled\"\n\t\t\t\t\talt=\"IMG_3628B-scaled\"\n\t\t\t\t\tsrc=\"https:\/\/www.pavelsuba.cz\/wp-content\/gallery\/children\/thumbs\/thumbs_IMG_3628B-scaled.jpg\"\n\t\t\t\t\twidth=\"240\"\n\t\t\t\t\theight=\"160\"\n\t\t\t\t\tstyle=\"max-width:100%;\"\n\t\t\t\t\/>\n\t\t\t<\/a>\n\t\t<\/div>\n\t\t\t\t\t\t\t<\/div> \n\t\t\t\n\t\t\t\t<div id=\"ngg-image-14\" class=\"ngg-gallery-thumbnail-box \n\t\t\t\t\t\t\t\tngg-3-columns\t\t\t\" \n\t\t\t>\n\t\t\t\t\t\t<div class=\"ngg-gallery-thumbnail\">\n\t\t\t<a href=\"https:\/\/www.pavelsuba.cz\/wp-content\/gallery\/children\/IMG_5905BB-scaled.jpg\"\n\t\t\t\ttitle=\"\"\n\t\t\t\tdata-src=\"https:\/\/www.pavelsuba.cz\/wp-content\/gallery\/children\/IMG_5905BB-scaled.jpg\"\n\t\t\t\tdata-thumbnail=\"https:\/\/www.pavelsuba.cz\/wp-content\/gallery\/children\/thumbs\/thumbs_IMG_5905BB-scaled.jpg\"\n\t\t\t\tdata-image-id=\"37\"\n\t\t\t\tdata-title=\"IMG_5905BB-scaled\"\n\t\t\t\tdata-description=\"\"\n\t\t\t\tdata-image-slug=\"img_5905bb-scaled\"\n\t\t\t\tclass=\"ngg-simplelightbox\" rel=\"a72a39f85d71df2a5fdf74c49d7ed094\">\n\t\t\t\t<img\n\t\t\t\t\ttitle=\"IMG_5905BB-scaled\"\n\t\t\t\t\talt=\"IMG_5905BB-scaled\"\n\t\t\t\t\tsrc=\"https:\/\/www.pavelsuba.cz\/wp-content\/gallery\/children\/thumbs\/thumbs_IMG_5905BB-scaled.jpg\"\n\t\t\t\t\twidth=\"240\"\n\t\t\t\t\theight=\"160\"\n\t\t\t\t\tstyle=\"max-width:100%;\"\n\t\t\t\t\/>\n\t\t\t<\/a>\n\t\t<\/div>\n\t\t\t\t\t\t\t<\/div> \n\t\t\t\n\t\t\t\t<div id=\"ngg-image-15\" class=\"ngg-gallery-thumbnail-box \n\t\t\t\t\t\t\t\tngg-3-columns\t\t\t\" \n\t\t\t>\n\t\t\t\t\t\t<div class=\"ngg-gallery-thumbnail\">\n\t\t\t<a href=\"https:\/\/www.pavelsuba.cz\/wp-content\/gallery\/children\/IMG_5909BB-scaled.jpg\"\n\t\t\t\ttitle=\"\"\n\t\t\t\tdata-src=\"https:\/\/www.pavelsuba.cz\/wp-content\/gallery\/children\/IMG_5909BB-scaled.jpg\"\n\t\t\t\tdata-thumbnail=\"https:\/\/www.pavelsuba.cz\/wp-content\/gallery\/children\/thumbs\/thumbs_IMG_5909BB-scaled.jpg\"\n\t\t\t\tdata-image-id=\"38\"\n\t\t\t\tdata-title=\"IMG_5909BB-scaled\"\n\t\t\t\tdata-description=\"\"\n\t\t\t\tdata-image-slug=\"img_5909bb-scaled\"\n\t\t\t\tclass=\"ngg-simplelightbox\" rel=\"a72a39f85d71df2a5fdf74c49d7ed094\">\n\t\t\t\t<img\n\t\t\t\t\ttitle=\"IMG_5909BB-scaled\"\n\t\t\t\t\talt=\"IMG_5909BB-scaled\"\n\t\t\t\t\tsrc=\"https:\/\/www.pavelsuba.cz\/wp-content\/gallery\/children\/thumbs\/thumbs_IMG_5909BB-scaled.jpg\"\n\t\t\t\t\twidth=\"240\"\n\t\t\t\t\theight=\"160\"\n\t\t\t\t\tstyle=\"max-width:100%;\"\n\t\t\t\t\/>\n\t\t\t<\/a>\n\t\t<\/div>\n\t\t\t\t\t\t\t<\/div> \n\t\t\t\n\t\t\t\t<div id=\"ngg-image-16\" class=\"ngg-gallery-thumbnail-box \n\t\t\t\t\t\t\t\tngg-3-columns\t\t\t\" \n\t\t\t>\n\t\t\t\t\t\t<div class=\"ngg-gallery-thumbnail\">\n\t\t\t<a href=\"https:\/\/www.pavelsuba.cz\/wp-content\/gallery\/children\/IMG_5943BBC-scaled.jpg\"\n\t\t\t\ttitle=\"\"\n\t\t\t\tdata-src=\"https:\/\/www.pavelsuba.cz\/wp-content\/gallery\/children\/IMG_5943BBC-scaled.jpg\"\n\t\t\t\tdata-thumbnail=\"https:\/\/www.pavelsuba.cz\/wp-content\/gallery\/children\/thumbs\/thumbs_IMG_5943BBC-scaled.jpg\"\n\t\t\t\tdata-image-id=\"39\"\n\t\t\t\tdata-title=\"IMG_5943BBC-scaled\"\n\t\t\t\tdata-description=\"\"\n\t\t\t\tdata-image-slug=\"img_5943bbc-scaled\"\n\t\t\t\tclass=\"ngg-simplelightbox\" rel=\"a72a39f85d71df2a5fdf74c49d7ed094\">\n\t\t\t\t<img\n\t\t\t\t\ttitle=\"IMG_5943BBC-scaled\"\n\t\t\t\t\talt=\"IMG_5943BBC-scaled\"\n\t\t\t\t\tsrc=\"https:\/\/www.pavelsuba.cz\/wp-content\/gallery\/children\/thumbs\/thumbs_IMG_5943BBC-scaled.jpg\"\n\t\t\t\t\twidth=\"240\"\n\t\t\t\t\theight=\"160\"\n\t\t\t\t\tstyle=\"max-width:100%;\"\n\t\t\t\t\/>\n\t\t\t<\/a>\n\t\t<\/div>\n\t\t\t\t\t\t\t<\/div> \n\t\t\t\n\t\t\t\t<div id=\"ngg-image-17\" class=\"ngg-gallery-thumbnail-box \n\t\t\t\t\t\t\t\tngg-3-columns\t\t\t\" \n\t\t\t>\n\t\t\t\t\t\t<div class=\"ngg-gallery-thumbnail\">\n\t\t\t<a href=\"https:\/\/www.pavelsuba.cz\/wp-content\/gallery\/children\/IMG_9145.jpg\"\n\t\t\t\ttitle=\"\"\n\t\t\t\tdata-src=\"https:\/\/www.pavelsuba.cz\/wp-content\/gallery\/children\/IMG_9145.jpg\"\n\t\t\t\tdata-thumbnail=\"https:\/\/www.pavelsuba.cz\/wp-content\/gallery\/children\/thumbs\/thumbs_IMG_9145.jpg\"\n\t\t\t\tdata-image-id=\"328\"\n\t\t\t\tdata-title=\"IMG_9145\"\n\t\t\t\tdata-description=\"\"\n\t\t\t\tdata-image-slug=\"img_9145\"\n\t\t\t\tclass=\"ngg-simplelightbox\" rel=\"a72a39f85d71df2a5fdf74c49d7ed094\">\n\t\t\t\t<img\n\t\t\t\t\ttitle=\"IMG_9145\"\n\t\t\t\t\talt=\"IMG_9145\"\n\t\t\t\t\tsrc=\"https:\/\/www.pavelsuba.cz\/wp-content\/gallery\/children\/thumbs\/thumbs_IMG_9145.jpg\"\n\t\t\t\t\twidth=\"240\"\n\t\t\t\t\theight=\"160\"\n\t\t\t\t\tstyle=\"max-width:100%;\"\n\t\t\t\t\/>\n\t\t\t<\/a>\n\t\t<\/div>\n\t\t\t\t\t\t\t<\/div> \n\t\t\t\n\t\t\t\t<div id=\"ngg-image-18\" class=\"ngg-gallery-thumbnail-box \n\t\t\t\t\t\t\t\tngg-3-columns\t\t\t\" \n\t\t\t>\n\t\t\t\t\t\t<div class=\"ngg-gallery-thumbnail\">\n\t\t\t<a href=\"https:\/\/www.pavelsuba.cz\/wp-content\/gallery\/children\/IMG_9187.jpg\"\n\t\t\t\ttitle=\"\"\n\t\t\t\tdata-src=\"https:\/\/www.pavelsuba.cz\/wp-content\/gallery\/children\/IMG_9187.jpg\"\n\t\t\t\tdata-thumbnail=\"https:\/\/www.pavelsuba.cz\/wp-content\/gallery\/children\/thumbs\/thumbs_IMG_9187.jpg\"\n\t\t\t\tdata-image-id=\"329\"\n\t\t\t\tdata-title=\"IMG_9187\"\n\t\t\t\tdata-description=\"\"\n\t\t\t\tdata-image-slug=\"img_9187\"\n\t\t\t\tclass=\"ngg-simplelightbox\" rel=\"a72a39f85d71df2a5fdf74c49d7ed094\">\n\t\t\t\t<img\n\t\t\t\t\ttitle=\"IMG_9187\"\n\t\t\t\t\talt=\"IMG_9187\"\n\t\t\t\t\tsrc=\"https:\/\/www.pavelsuba.cz\/wp-content\/gallery\/children\/thumbs\/thumbs_IMG_9187.jpg\"\n\t\t\t\t\twidth=\"240\"\n\t\t\t\t\theight=\"160\"\n\t\t\t\t\tstyle=\"max-width:100%;\"\n\t\t\t\t\/>\n\t\t\t<\/a>\n\t\t<\/div>\n\t\t\t\t\t\t\t<\/div> \n\t\t\t\n\t\t\t\t<div id=\"ngg-image-19\" class=\"ngg-gallery-thumbnail-box \n\t\t\t\t\t\t\t\tngg-3-columns\t\t\t\" \n\t\t\t>\n\t\t\t\t\t\t<div class=\"ngg-gallery-thumbnail\">\n\t\t\t<a href=\"https:\/\/www.pavelsuba.cz\/wp-content\/gallery\/children\/IMG_9214.jpg\"\n\t\t\t\ttitle=\"\"\n\t\t\t\tdata-src=\"https:\/\/www.pavelsuba.cz\/wp-content\/gallery\/children\/IMG_9214.jpg\"\n\t\t\t\tdata-thumbnail=\"https:\/\/www.pavelsuba.cz\/wp-content\/gallery\/children\/thumbs\/thumbs_IMG_9214.jpg\"\n\t\t\t\tdata-image-id=\"330\"\n\t\t\t\tdata-title=\"IMG_9214\"\n\t\t\t\tdata-description=\"\"\n\t\t\t\tdata-image-slug=\"img_9214\"\n\t\t\t\tclass=\"ngg-simplelightbox\" rel=\"a72a39f85d71df2a5fdf74c49d7ed094\">\n\t\t\t\t<img\n\t\t\t\t\ttitle=\"IMG_9214\"\n\t\t\t\t\talt=\"IMG_9214\"\n\t\t\t\t\tsrc=\"https:\/\/www.pavelsuba.cz\/wp-content\/gallery\/children\/thumbs\/thumbs_IMG_9214.jpg\"\n\t\t\t\t\twidth=\"240\"\n\t\t\t\t\theight=\"160\"\n\t\t\t\t\tstyle=\"max-width:100%;\"\n\t\t\t\t\/>\n\t\t\t<\/a>\n\t\t<\/div>\n\t\t\t\t\t\t\t<\/div> \n\t\t\t\n\t\n\t<br style=\"clear: both\" \/>\n\n\t\n\t\t<!-- Pagination -->\n\t\t<div class='ngg-clear'><\/div>\t<\/div>\n\n","protected":false},"excerpt":{"rendered":"<p>D\u011bti fot\u00edm velmi r\u00e1d z r\u016fzn\u00fdch d\u016fvod\u016f. D\u011btstv\u00ed je v\u011bkem nevinnosti a z\u00e1zraku a sna\u017e\u00edm se co nejv\u00edce zachytit tyto aspekty v m\u00fdch obrazech. Bav\u00ed m\u011b, jak form\u00e1ln\u011bj\u0161\u00ed portr\u00e9ty d\u011bt\u00ed i focen\u00ed, kdy\u017e se bav\u00ed a hraj\u00ed. A\u0165 u\u017e chcete fotografie radostn\u00fdch okam\u017eik\u016f z narozenin, na chat\u011b nebo n\u011bco form\u00e1ln\u011bj\u0161\u00edho, m\u016f\u017eeme se spole\u010dn\u011b dohodnout o &hellip; <\/p>\n<p class=\"link-more\"><a href=\"https:\/\/www.pavelsuba.cz\/?page_id=598\" class=\"more-link\">Continue reading<span class=\"screen-reader-text\"> &#8220;D\u011bti&#8221;<\/span><\/a><\/p>\n","protected":false},"author":1,"featured_media":0,"parent":0,"menu_order":0,"comment_status":"closed","ping_status":"closed","template":"","meta":{"ngg_post_thumbnail":0,"footnotes":""},"_links":{"self":[{"href":"https:\/\/www.pavelsuba.cz\/index.php?rest_route=\/wp\/v2\/pages\/598"}],"collection":[{"href":"https:\/\/www.pavelsuba.cz\/index.php?rest_route=\/wp\/v2\/pages"}],"about":[{"href":"https:\/\/www.pavelsuba.cz\/index.php?rest_route=\/wp\/v2\/types\/page"}],"author":[{"embeddable":true,"href":"https:\/\/www.pavelsuba.cz\/index.php?rest_route=\/wp\/v2\/users\/1"}],"replies":[{"embeddable":true,"href":"https:\/\/www.pavelsuba.cz\/index.php?rest_route=%2Fwp%2Fv2%2Fcomments&post=598"}],"version-history":[{"count":8,"href":"https:\/\/www.pavelsuba.cz\/index.php?rest_route=\/wp\/v2\/pages\/598\/revisions"}],"predecessor-version":[{"id":1590,"href":"https:\/\/www.pavelsuba.cz\/index.php?rest_route=\/wp\/v2\/pages\/598\/revisions\/1590"}],"wp:attachment":[{"href":"https:\/\/www.pavelsuba.cz\/index.php?rest_route=%2Fwp%2Fv2%2Fmedia&parent=598"}],"curies":[{"name":"wp","href":"https:\/\/api.w.org\/{rel}","templated":true}]}}