{"id":176,"date":"2016-08-31T14:46:57","date_gmt":"2016-08-31T14:46:57","guid":{"rendered":"http:\/\/dolda.cz\/?page_id=176"},"modified":"2024-01-26T16:12:00","modified_gmt":"2024-01-26T16:12:00","slug":"treneri","status":"publish","type":"page","link":"https:\/\/www.pavelsuba.cz\/?page_id=176","title":{"rendered":"Slu\u017eby"},"content":{"rendered":"\n<p><strong>KONTAKT<\/strong>: email: info@pavelsuba.cz<\/p>\n\n\n\n<p><strong>Ceny:<\/strong> Li\u0161\u00ed se v z\u00e1vislosti na rozsahu a technick\u00fdch \/ logistick\u00fdch po\u017eadavc\u00edch zad\u00e1n\u00ed. N\u00e1sleduj\u00edc\u00ed cen\u00edk je z\u00e1kladn\u00ed seznam sazeb, kter\u00e9 lze upravit podle Va\u0161ich pot\u0159eb. Z\u00e1kladn\u00ed bal\u00ed\u010dek m\u016f\u017ee b\u00fdt zv\u00fd\u0161en nebo sn\u00ed\u017een s p\u0159\u00edslu\u0161nou \u00fapravou cen.<\/p>\n\n\n\n<p><strong>Charitativn\u00ed pr\u00e1ce:<\/strong> R\u00e1d pou\u017e\u00edv\u00e1m sv\u00fdch sn\u00edmk\u016f pro filantropick\u00e9 \u00fa\u010dely. Pokud provozujete charitativn\u00ed organizaci nebo nevl\u00e1dn\u00ed organizaci, jsem ochoten p\u0159evz\u00edt \u00fakoly za podstatn\u011b zlevn\u011bnou \u010d\u00e1stku, kter\u00e1 bude z\u00e1viset na podm\u00ednk\u00e1ch a po\u017eadavc\u00edch konkr\u00e9tn\u00ed zak\u00e1zky (rozsah, \u010das, n\u00e1ro\u010dnost pr\u00e1ce atd.). Pros\u00edm, zkontaktujte m\u011b pro v\u00edce informac\u00ed.<\/p>\n\n\n\n<p><strong>Portr\u00e9ty:<\/strong> Trv\u00e1n\u00ed: 1\u20133 hodiny focen\u00ed na m\u00edst\u011b; z\u00e1kladn\u00ed bal\u00ed\u010dek &#8211; 10 retu\u0161ovan\u00fdch obr\u00e1zk\u016f: 5 000,- K\u010d. Za dal\u0161\u00ed zpracovan\u00e9 sn\u00edmky bude z\u00fa\u010dtov\u00e1n poplatek 300,00 K\u010d za jeden obr\u00e1zek.<\/p>\n\n\n\n<p><strong>D\u011bti:<\/strong> Z\u00e1kladn\u00ed form\u00e1ln\u00ed portr\u00e9tn\u00ed bal\u00ed\u010dek &#8211; Trv\u00e1n\u00ed 1-2 hodiny focen\u00ed na m\u00edst\u011b; 10 retu\u0161ovan\u00fdch obr\u00e1zk\u016f: 5 000,- K\u010d. Za dodate\u010dn\u011b zpracovan\u00e9 obr\u00e1zky se \u00fa\u010dtuje sazba 300,- K\u010d za jeden obr\u00e1zek. Narozeniny, up\u0159\u00edmn\u00e9 obr\u00e1zky &#8211; 20 dodate\u010dn\u011b zpracovan\u00fdch obr\u00e1zk\u016f + 30 nezpracovan\u00fdch obr\u00e1zk\u016f 7 000,- K\u010d<\/p>\n\n\n\n<p><strong>Ud\u00e1losti\/Akce:<\/strong> 1\u20134 hodiny focen\u00ed; Z\u00e1kladn\u00ed bal\u00ed\u010dek &#8211; 20 dodate\u010dn\u011b zpracovan\u00fdch obr\u00e1zk\u016f + 30 nezpracovan\u00fdch obr\u00e1zk\u016f: 7 000,- K\u010d<\/p>\n\n\n\n<p><strong>Makro:<\/strong> Fotografie jsou dostupn\u00e9 ve tist\u011bn\u00e9 form\u011b (zv\u011bt\u0161enina). Cena z\u00e1le\u017ei na format, obvykle mezi 3000,- K\u010d a\u017e 5,000 k\u010d. Pokud chcete pou\u017e\u00edt fotografie z m\u00e9ho archivu ve digit\u00e1ln\u00ed podob\u011b pro tiskov\u00e9 \u00fa\u010dely, kontaktujte m\u011b. M\u00e1m tis\u00edce s\u00e9riov\u00fdch obr\u00e1zk\u016f.<\/p>\n\n\n\n<p><strong>Podm\u00ednky:<\/strong><\/p>\n\n\n\n<p>Objedn\u00e1n\u00edm zad\u00e1n\u00ed souhlas\u00ed klient s n\u00e1sleduj\u00edc\u00edmi podm\u00ednkami:<\/p>\n\n\n\n<p>1) Objedn\u00e1vka zak\u00e1zky se pova\u017euje za z\u00e1vazn\u00e9 po odesl\u00e1n\u00ed p\u00edsemn\u00e9 objedn\u00e1vky, po dohod\u011b term\u00ednu a po zaplacen\u00ed z\u00e1lohu 2&nbsp;000,- K\u010d, kter\u00e1 je vratn\u00e1, pokud je foceni zru\u0161eno nejpozd\u011bji 48 hodin p\u0159ed pl\u00e1novan\u00fdm terminem.<\/p>\n\n\n\n<p>2) Po focen\u00ed klient obdr\u017e\u00ed do 48 hodin, ale obvykle d\u0159\u00edve, soubor ZIP soubor\u016f (a vodoznakem), ze kter\u00e9ho si klient m\u016f\u017ee vybrat, kter\u00e9 fotografie m\u00e1j\u00ed b\u00fdt dodate\u010dn\u011b zpracovan\u00e9 \/ retu\u0161ovan\u00e9. To lze tak\u00e9 zkonzultovat osobn\u011b, pokud byste si p\u0159\u00e1li pomoc p\u0159i v\u00fdb\u011bru, kter\u00e9 obr\u00e1zky jsou nejlep\u0161\u00ed. Klient pot\u00e9 obdr\u017e\u00ed kone\u010dn\u00e9 fotografie ve form\u00e1tu JPEG nebo TIF ve slo\u017ece zip p\u0159es uschovna.cz. Fotografie z n\u00e1hledu jsou pouze pro \u00fa\u010dely v\u00fdb\u011bru a nesm\u00ed b\u00fdt poskytnuty t\u0159et\u00ed stran\u011b ani d\u00e1le upravov\u00e1ny.<\/p>\n\n\n\n<p>3) Zak\u00e1zka portr\u00e9t\u016f nezahrnuje slu\u017eby viz\u00e1\u017eistky. M\u016f\u017ee b\u00fdt dohodnuto, ale nen\u00ed zahrnuto v cen\u011b zak\u00e1zky a podl\u00e9h\u00e1 poplatku viz\u00e1\u017eistky, co\u017e bude st\u00e1t nav\u00edc.<\/p>\n\n\n\n<p>4) N\u00e1sledn\u00e9 zpracov\u00e1n\u00ed zahrnuje \u00fapravu a vyv\u00e1\u017een\u00ed barev, ostrosti, tonality a z\u00e1kladn\u00edho retu\u0161ov\u00e1n\u00ed. Retu\u0161ov\u00e1n\u00ed zahrnuje maskov\u00e1n\u00ed drobn\u00fdch vad plet\u00ed, jako jsou pup\u00ednky nebo drobn\u00e9 mod\u0159iny, jemn\u00e9 vr\u00e1sky a v nejlep\u0161\u00ed mo\u017en\u00e9 m\u00ed\u0159e st\u00edny pod o\u010dima. Berte, v\u0161ak pros\u00edm na v\u011bdom\u00ed, \u017ee je jen tolik retu\u0161ov\u00e1n\u00ed, kter\u00e9 lze prov\u00e9st, ne\u017e fotografie za\u010dne vypadat a\u017e p\u0159\u00edli\u0161 um\u011bl\u00fd \/ nep\u0159irozen\u011b. Opravdu nedoporu\u010duj\u00ed p\u0159\u00edli\u0161 mnoho retu\u0161ov\u00e1n\u00ed, zejm\u00e9na v p\u0159\u00edpad\u011b mu\u017e\u016f. V p\u0159\u00edpad\u011b d\u011bt\u00ed je vhodn\u00e9 nechat \u201etetov\u00e1n\u00ed\u201c (nakreslen\u00e9 \u010d\u00ed z n\u00e1lepky \/ vody) odstranit p\u0159ed focen\u00edm, pokud je rodi\u010de v\u00fdslovn\u011b necht\u011bj\u00ed na obr\u00e1zc\u00edch.<\/p>\n\n\n\n<p>5) Fotograf neposkytuje soubory RAW soubory fotografie.<\/p>\n\n\n\n<p>6) Fotograf si vyhrazuje pr\u00e1vo pou\u017e\u00edt obr\u00e1zky pro sv\u00e9 portfolio. Povolen\u00ed klienta bude po\u017eadov\u00e1no p\u00edsemn\u011b.<\/p>\n\n\n\n<p>7) Fotograf se zavazuje zpracovat zad\u00e1n\u00ed podle sv\u00fdch nejlep\u0161\u00edch schopnost\u00ed a znalost\u00ed.<\/p>\n\n\n\n<p>8) Pokud si klient p\u0159eje ze z\u00e1va\u017en\u00fdch d\u016fvod\u016f zru\u0161it focen\u00ed, mus\u00ed b\u00fdt fotograf informov\u00e1n p\u00edsemn\u011b a klientovi bude nab\u00eddnuto nejbli\u017e\u0161\u00ed mo\u017en\u00e9 n\u00e1hradn\u00ed datum. Pokud klient nedorazi na mist\u011b foceni bez omluvy, fotograf si vyhrazuje pr\u00e1vo odej\u00edt z mista foceni po 20 minut \u010dek\u00e1ni. Je to pova\u017eov\u00e1no jako pozdn\u00ed zru\u0161en\u00ed a podl\u00e9ha bod \u010d 1.  Rovn\u011b\u017e, pokud jsou z\u00e1va\u017en\u00e9 d\u016fvody, kter\u00e9 br\u00e1n\u00ed fotografovi v&nbsp;realizace focen\u00ed, o tom neprodlen\u011b bude sd\u011blit klientovi a nab\u00eddne nejbli\u017e\u0161\u00ed n\u00e1hradn\u00ed term\u00edn. <\/p>\n\n\n\n<p>9) Objedn\u00e1n\u00edm zad\u00e1n\u00ed a zaplacen\u00edm z\u00e1lohy si klient potvrzuje, \u017ee je obezn\u00e1men\/a se stylem fotografa a souhlas\u00ed s t\u00edm.<\/p>\n\n\n\n<p>10) Nespokojenost s&nbsp;vlastn\u00edm vzhledem neni d\u016fvodem k reklamace.<\/p>\n\n\n\n<p>11) Klient bude fakturov\u00e1n do 24 hodin po focen\u00ed. Kone\u010dn\u00e9 obr\u00e1zky budou odesl\u00e1ny po zaplacen\u00ed z\u016fstatku. Fotograf si vyhrazuje pr\u00e1vo zadr\u017eet kone\u010dn\u00e9 fotografie a\u017e po \u00fapln\u00e9m zaplacen\u00ed faktury.<\/p>\n\n\n\n<p><\/p>\n","protected":false},"excerpt":{"rendered":"<p>KONTAKT: email: info@pavelsuba.cz Ceny: Li\u0161\u00ed se v z\u00e1vislosti na rozsahu a technick\u00fdch \/ logistick\u00fdch po\u017eadavc\u00edch zad\u00e1n\u00ed. N\u00e1sleduj\u00edc\u00ed cen\u00edk je z\u00e1kladn\u00ed seznam sazeb, kter\u00e9 lze upravit podle Va\u0161ich pot\u0159eb. Z\u00e1kladn\u00ed bal\u00ed\u010dek m\u016f\u017ee b\u00fdt zv\u00fd\u0161en nebo sn\u00ed\u017een s p\u0159\u00edslu\u0161nou \u00fapravou cen. Charitativn\u00ed pr\u00e1ce: R\u00e1d pou\u017e\u00edv\u00e1m sv\u00fdch sn\u00edmk\u016f pro filantropick\u00e9 \u00fa\u010dely. Pokud provozujete charitativn\u00ed organizaci nebo nevl\u00e1dn\u00ed organizaci, &hellip; <\/p>\n<p class=\"link-more\"><a href=\"https:\/\/www.pavelsuba.cz\/?page_id=176\" class=\"more-link\">Continue reading<span class=\"screen-reader-text\"> &#8220;Slu\u017eby&#8221;<\/span><\/a><\/p>\n","protected":false},"author":1,"featured_media":0,"parent":0,"menu_order":0,"comment_status":"closed","ping_status":"closed","template":"","meta":{"ngg_post_thumbnail":0,"footnotes":""},"_links":{"self":[{"href":"https:\/\/www.pavelsuba.cz\/index.php?rest_route=\/wp\/v2\/pages\/176"}],"collection":[{"href":"https:\/\/www.pavelsuba.cz\/index.php?rest_route=\/wp\/v2\/pages"}],"about":[{"href":"https:\/\/www.pavelsuba.cz\/index.php?rest_route=\/wp\/v2\/types\/page"}],"author":[{"embeddable":true,"href":"https:\/\/www.pavelsuba.cz\/index.php?rest_route=\/wp\/v2\/users\/1"}],"replies":[{"embeddable":true,"href":"https:\/\/www.pavelsuba.cz\/index.php?rest_route=%2Fwp%2Fv2%2Fcomments&post=176"}],"version-history":[{"count":11,"href":"https:\/\/www.pavelsuba.cz\/index.php?rest_route=\/wp\/v2\/pages\/176\/revisions"}],"predecessor-version":[{"id":1502,"href":"https:\/\/www.pavelsuba.cz\/index.php?rest_route=\/wp\/v2\/pages\/176\/revisions\/1502"}],"wp:attachment":[{"href":"https:\/\/www.pavelsuba.cz\/index.php?rest_route=%2Fwp%2Fv2%2Fmedia&parent=176"}],"curies":[{"name":"wp","href":"https:\/\/api.w.org\/{rel}","templated":true}]}}